{"id":10358,"date":"2023-02-22T09:01:18","date_gmt":"2023-02-22T08:01:18","guid":{"rendered":"https:\/\/linoexpress.com\/ba\/?post_type=product&#038;p=10358"},"modified":"2024-10-11T11:55:17","modified_gmt":"2024-10-11T09:55:17","slug":"dinamicna-led-traka-za-automobil","status":"publish","type":"product","link":"https:\/\/linoexpress.com\/ba\/proizvod\/dinamicna-led-traka-za-automobil\/","title":{"rendered":"Dinami\u010dna LED traka za automobil"},"content":{"rendered":"","protected":false},"excerpt":{"rendered":"<p>Dinami\u010dna LED traka podignu\u0107e izgled va\u0161ega utomobila na vi\u0161i nivo. Jednostavna i laka instalacija , univerzalna za sve automobile.<\/p>\n","protected":false},"featured_media":10375,"comment_status":"closed","ping_status":"closed","template":"","meta":{"inline_featured_image":false},"product_brand":[],"product_cat":[25,27,15],"product_tag":[],"class_list":{"0":"post-10358","1":"product","2":"type-product","3":"status-publish","4":"has-post-thumbnail","6":"product_cat-car","7":"product_cat-home","8":"product_cat-uncategorized","10":"first","11":"instock","12":"sale","13":"shipping-taxable","14":"purchasable","15":"product-type-simple"},"acf":[],"_links":{"self":[{"href":"https:\/\/linoexpress.com\/ba\/wp-json\/wp\/v2\/product\/10358","targetHints":{"allow":["GET"]}}],"collection":[{"href":"https:\/\/linoexpress.com\/ba\/wp-json\/wp\/v2\/product"}],"about":[{"href":"https:\/\/linoexpress.com\/ba\/wp-json\/wp\/v2\/types\/product"}],"replies":[{"embeddable":true,"href":"https:\/\/linoexpress.com\/ba\/wp-json\/wp\/v2\/comments?post=10358"}],"wp:featuredmedia":[{"embeddable":true,"href":"https:\/\/linoexpress.com\/ba\/wp-json\/wp\/v2\/media\/10375"}],"wp:attachment":[{"href":"https:\/\/linoexpress.com\/ba\/wp-json\/wp\/v2\/media?parent=10358"}],"wp:term":[{"taxonomy":"product_brand","embeddable":true,"href":"https:\/\/linoexpress.com\/ba\/wp-json\/wp\/v2\/product_brand?post=10358"},{"taxonomy":"product_cat","embeddable":true,"href":"https:\/\/linoexpress.com\/ba\/wp-json\/wp\/v2\/product_cat?post=10358"},{"taxonomy":"product_tag","embeddable":true,"href":"https:\/\/linoexpress.com\/ba\/wp-json\/wp\/v2\/product_tag?post=10358"}],"curies":[{"name":"wp","href":"https:\/\/api.w.org\/{rel}","templated":true}]}}