{"id":10382,"date":"2023-02-22T09:33:30","date_gmt":"2023-02-22T08:33:30","guid":{"rendered":"https:\/\/linoexpress.com\/ba\/?post_type=product&#038;p=10382"},"modified":"2024-10-11T11:54:06","modified_gmt":"2024-10-11T09:54:06","slug":"2-u-1-transformacijski-kamion","status":"publish","type":"product","link":"https:\/\/linoexpress.com\/ba\/proizvod\/2-u-1-transformacijski-kamion\/","title":{"rendered":"2 u 1 Transformacijski kamion"},"content":{"rendered":"","protected":false},"excerpt":{"rendered":"<p>Mega kamion za auti\u0107e sa skrivenim stazama za auti\u0107e savr\u0161ena je igra\u010dka za va\u0161e najmilije. Savr\u0161ena igra\u010dka za dje\u010dake u svim prilikama.<\/p>\n","protected":false},"featured_media":10386,"comment_status":"closed","ping_status":"closed","template":"","meta":{"inline_featured_image":false},"product_brand":[],"product_cat":[15,35],"product_tag":[],"class_list":{"0":"post-10382","1":"product","2":"type-product","3":"status-publish","4":"has-post-thumbnail","6":"product_cat-uncategorized","7":"product_cat-fun","9":"first","10":"instock","11":"sale","12":"shipping-taxable","13":"purchasable","14":"product-type-simple"},"acf":[],"_links":{"self":[{"href":"https:\/\/linoexpress.com\/ba\/wp-json\/wp\/v2\/product\/10382","targetHints":{"allow":["GET"]}}],"collection":[{"href":"https:\/\/linoexpress.com\/ba\/wp-json\/wp\/v2\/product"}],"about":[{"href":"https:\/\/linoexpress.com\/ba\/wp-json\/wp\/v2\/types\/product"}],"replies":[{"embeddable":true,"href":"https:\/\/linoexpress.com\/ba\/wp-json\/wp\/v2\/comments?post=10382"}],"wp:featuredmedia":[{"embeddable":true,"href":"https:\/\/linoexpress.com\/ba\/wp-json\/wp\/v2\/media\/10386"}],"wp:attachment":[{"href":"https:\/\/linoexpress.com\/ba\/wp-json\/wp\/v2\/media?parent=10382"}],"wp:term":[{"taxonomy":"product_brand","embeddable":true,"href":"https:\/\/linoexpress.com\/ba\/wp-json\/wp\/v2\/product_brand?post=10382"},{"taxonomy":"product_cat","embeddable":true,"href":"https:\/\/linoexpress.com\/ba\/wp-json\/wp\/v2\/product_cat?post=10382"},{"taxonomy":"product_tag","embeddable":true,"href":"https:\/\/linoexpress.com\/ba\/wp-json\/wp\/v2\/product_tag?post=10382"}],"curies":[{"name":"wp","href":"https:\/\/api.w.org\/{rel}","templated":true}]}}