{"id":1060,"date":"2026-03-24T18:03:44","date_gmt":"2026-03-24T17:03:44","guid":{"rendered":"https:\/\/shopium.eu\/ba\/?post_type=product&#038;p=1060"},"modified":"2026-03-24T18:05:49","modified_gmt":"2026-03-24T17:05:49","slug":"11gratis-vacuumvax","status":"publish","type":"product","link":"https:\/\/linoexpress.com\/ba\/proizvod\/11gratis-vacuumvax\/","title":{"rendered":"1+1 GRATIS Vakuumski \u010dista\u010d uha &#8211; VacuumVax"},"content":{"rendered":"","protected":false},"excerpt":{"rendered":"<p>Zaboravite na staromodno \u010di\u0161\u0107enje u\u0161iju sa opasnim \u0161tapi\u0107ima ili \u010deste posjete ljekaru sa ovim super mo\u0107nim vakuumskim \u010dista\u010dom u\u0161nog voska potpuno jednostavno i sigurno za sve generacije u samo nekoliko sekundi!<\/p>\n","protected":false},"featured_media":1070,"comment_status":"closed","ping_status":"closed","template":"","meta":{"inline_featured_image":false},"product_brand":[],"product_cat":[15,26],"product_tag":[],"class_list":{"0":"post-1060","1":"product","2":"type-product","3":"status-publish","4":"has-post-thumbnail","6":"product_cat-uncategorized","7":"product_cat-health","9":"first","10":"instock","11":"sale","12":"shipping-taxable","13":"purchasable","14":"product-type-simple"},"acf":[],"_links":{"self":[{"href":"https:\/\/linoexpress.com\/ba\/wp-json\/wp\/v2\/product\/1060","targetHints":{"allow":["GET"]}}],"collection":[{"href":"https:\/\/linoexpress.com\/ba\/wp-json\/wp\/v2\/product"}],"about":[{"href":"https:\/\/linoexpress.com\/ba\/wp-json\/wp\/v2\/types\/product"}],"replies":[{"embeddable":true,"href":"https:\/\/linoexpress.com\/ba\/wp-json\/wp\/v2\/comments?post=1060"}],"wp:featuredmedia":[{"embeddable":true,"href":"https:\/\/linoexpress.com\/ba\/wp-json\/wp\/v2\/media\/1070"}],"wp:attachment":[{"href":"https:\/\/linoexpress.com\/ba\/wp-json\/wp\/v2\/media?parent=1060"}],"wp:term":[{"taxonomy":"product_brand","embeddable":true,"href":"https:\/\/linoexpress.com\/ba\/wp-json\/wp\/v2\/product_brand?post=1060"},{"taxonomy":"product_cat","embeddable":true,"href":"https:\/\/linoexpress.com\/ba\/wp-json\/wp\/v2\/product_cat?post=1060"},{"taxonomy":"product_tag","embeddable":true,"href":"https:\/\/linoexpress.com\/ba\/wp-json\/wp\/v2\/product_tag?post=1060"}],"curies":[{"name":"wp","href":"https:\/\/api.w.org\/{rel}","templated":true}]}}