{"id":12528,"date":"2023-08-28T14:50:18","date_gmt":"2023-08-28T12:50:18","guid":{"rendered":"https:\/\/linoexpress.com\/ba\/?post_type=product&#038;p=12528"},"modified":"2025-01-28T00:44:38","modified_gmt":"2025-01-27T23:44:38","slug":"okviri-za-djecije-radove","status":"publish","type":"product","link":"https:\/\/linoexpress.com\/ba\/proizvod\/okviri-za-djecije-radove\/","title":{"rendered":"Okviri za dje\u010dije radove"},"content":{"rendered":"","protected":false},"excerpt":{"rendered":"<p>Sa\u010duvajte radove va\u0161e djece, diplome ili fotografije i ponosno ih izlo\u017eite na zidu ili namje\u0161taju. Mali umjetnici \u0107e biti odu\u0161evljeni!<\/p>\n","protected":false},"featured_media":12534,"comment_status":"closed","ping_status":"closed","template":"","meta":{"inline_featured_image":false},"product_brand":[],"product_cat":[15,35],"product_tag":[],"class_list":{"0":"post-12528","1":"product","2":"type-product","3":"status-publish","4":"has-post-thumbnail","6":"product_cat-uncategorized","7":"product_cat-fun","9":"first","10":"instock","11":"sale","12":"shipping-taxable","13":"purchasable","14":"product-type-simple"},"acf":[],"_links":{"self":[{"href":"https:\/\/linoexpress.com\/ba\/wp-json\/wp\/v2\/product\/12528","targetHints":{"allow":["GET"]}}],"collection":[{"href":"https:\/\/linoexpress.com\/ba\/wp-json\/wp\/v2\/product"}],"about":[{"href":"https:\/\/linoexpress.com\/ba\/wp-json\/wp\/v2\/types\/product"}],"replies":[{"embeddable":true,"href":"https:\/\/linoexpress.com\/ba\/wp-json\/wp\/v2\/comments?post=12528"}],"wp:featuredmedia":[{"embeddable":true,"href":"https:\/\/linoexpress.com\/ba\/wp-json\/wp\/v2\/media\/12534"}],"wp:attachment":[{"href":"https:\/\/linoexpress.com\/ba\/wp-json\/wp\/v2\/media?parent=12528"}],"wp:term":[{"taxonomy":"product_brand","embeddable":true,"href":"https:\/\/linoexpress.com\/ba\/wp-json\/wp\/v2\/product_brand?post=12528"},{"taxonomy":"product_cat","embeddable":true,"href":"https:\/\/linoexpress.com\/ba\/wp-json\/wp\/v2\/product_cat?post=12528"},{"taxonomy":"product_tag","embeddable":true,"href":"https:\/\/linoexpress.com\/ba\/wp-json\/wp\/v2\/product_tag?post=12528"}],"curies":[{"name":"wp","href":"https:\/\/api.w.org\/{rel}","templated":true}]}}