{"id":12569,"date":"2023-08-29T12:04:31","date_gmt":"2023-08-29T10:04:31","guid":{"rendered":"https:\/\/linoexpress.com\/ba\/?post_type=product&#038;p=12569"},"modified":"2023-09-08T15:09:57","modified_gmt":"2023-09-08T13:09:57","slug":"rotirajuci-aluminijski-stalak-za-tablet","status":"publish","type":"product","link":"https:\/\/linoexpress.com\/ba\/proizvod\/rotirajuci-aluminijski-stalak-za-tablet\/","title":{"rendered":"Rotiraju\u0107i aluminijski stalak za tablet"},"content":{"rendered":"","protected":false},"excerpt":{"rendered":"<p>Izdr\u017eljivi rotiraju\u0107i stalak za tablet potpuno je podesiv po visini i uglu. Podesite ga po vlastitim potrebama kako bi smanjili nelagodnost u vratu i tijelu.<\/p>\n","protected":false},"featured_media":12577,"comment_status":"closed","ping_status":"closed","template":"","meta":{"inline_featured_image":false},"product_brand":[],"product_cat":[27,15],"product_tag":[],"class_list":{"0":"post-12569","1":"product","2":"type-product","3":"status-publish","4":"has-post-thumbnail","6":"product_cat-home","7":"product_cat-uncategorized","9":"first","10":"instock","11":"sale","12":"shipping-taxable","13":"purchasable","14":"product-type-simple"},"acf":[],"_links":{"self":[{"href":"https:\/\/linoexpress.com\/ba\/wp-json\/wp\/v2\/product\/12569","targetHints":{"allow":["GET"]}}],"collection":[{"href":"https:\/\/linoexpress.com\/ba\/wp-json\/wp\/v2\/product"}],"about":[{"href":"https:\/\/linoexpress.com\/ba\/wp-json\/wp\/v2\/types\/product"}],"replies":[{"embeddable":true,"href":"https:\/\/linoexpress.com\/ba\/wp-json\/wp\/v2\/comments?post=12569"}],"wp:featuredmedia":[{"embeddable":true,"href":"https:\/\/linoexpress.com\/ba\/wp-json\/wp\/v2\/media\/12577"}],"wp:attachment":[{"href":"https:\/\/linoexpress.com\/ba\/wp-json\/wp\/v2\/media?parent=12569"}],"wp:term":[{"taxonomy":"product_brand","embeddable":true,"href":"https:\/\/linoexpress.com\/ba\/wp-json\/wp\/v2\/product_brand?post=12569"},{"taxonomy":"product_cat","embeddable":true,"href":"https:\/\/linoexpress.com\/ba\/wp-json\/wp\/v2\/product_cat?post=12569"},{"taxonomy":"product_tag","embeddable":true,"href":"https:\/\/linoexpress.com\/ba\/wp-json\/wp\/v2\/product_tag?post=12569"}],"curies":[{"name":"wp","href":"https:\/\/api.w.org\/{rel}","templated":true}]}}