{"id":12830,"date":"2023-09-11T08:39:27","date_gmt":"2023-09-11T06:39:27","guid":{"rendered":"https:\/\/linoexpress.com\/ba\/?post_type=product&#038;p=12830"},"modified":"2024-07-07T13:23:21","modified_gmt":"2024-07-07T11:23:21","slug":"sapun-za-potamnjivanje-sijedih-dlacica","status":"publish","type":"product","link":"https:\/\/linoexpress.com\/ba\/proizvod\/sapun-za-potamnjivanje-sijedih-dlacica\/","title":{"rendered":"Sapun za potamnjivanje sijedih dla\u010dica"},"content":{"rendered":"","protected":false},"excerpt":{"rendered":"<p>Postepeno se rije\u0161ite sijedih dlaka sa ovim u\u010dinkovitim sapunom. Jednostavno i lako &#8211; kao pranje \u0161amponom!<\/p>\n","protected":false},"featured_media":12844,"comment_status":"closed","ping_status":"closed","template":"","meta":{"inline_featured_image":false},"product_brand":[],"product_cat":[28,15],"product_tag":[],"class_list":{"0":"post-12830","1":"product","2":"type-product","3":"status-publish","4":"has-post-thumbnail","6":"product_cat-beauty","7":"product_cat-uncategorized","9":"first","10":"instock","11":"sale","12":"shipping-taxable","13":"purchasable","14":"product-type-simple"},"acf":[],"_links":{"self":[{"href":"https:\/\/linoexpress.com\/ba\/wp-json\/wp\/v2\/product\/12830","targetHints":{"allow":["GET"]}}],"collection":[{"href":"https:\/\/linoexpress.com\/ba\/wp-json\/wp\/v2\/product"}],"about":[{"href":"https:\/\/linoexpress.com\/ba\/wp-json\/wp\/v2\/types\/product"}],"replies":[{"embeddable":true,"href":"https:\/\/linoexpress.com\/ba\/wp-json\/wp\/v2\/comments?post=12830"}],"wp:featuredmedia":[{"embeddable":true,"href":"https:\/\/linoexpress.com\/ba\/wp-json\/wp\/v2\/media\/12844"}],"wp:attachment":[{"href":"https:\/\/linoexpress.com\/ba\/wp-json\/wp\/v2\/media?parent=12830"}],"wp:term":[{"taxonomy":"product_brand","embeddable":true,"href":"https:\/\/linoexpress.com\/ba\/wp-json\/wp\/v2\/product_brand?post=12830"},{"taxonomy":"product_cat","embeddable":true,"href":"https:\/\/linoexpress.com\/ba\/wp-json\/wp\/v2\/product_cat?post=12830"},{"taxonomy":"product_tag","embeddable":true,"href":"https:\/\/linoexpress.com\/ba\/wp-json\/wp\/v2\/product_tag?post=12830"}],"curies":[{"name":"wp","href":"https:\/\/api.w.org\/{rel}","templated":true}]}}