{"id":12850,"date":"2023-09-11T09:31:03","date_gmt":"2023-09-11T07:31:03","guid":{"rendered":"https:\/\/linoexpress.com\/ba\/?post_type=product&#038;p=12850"},"modified":"2025-11-23T22:42:57","modified_gmt":"2025-11-23T21:42:57","slug":"montessori-kreativni-set-za-ubadajuce-slikanje","status":"publish","type":"product","link":"https:\/\/linoexpress.com\/ba\/proizvod\/montessori-kreativni-set-za-ubadajuce-slikanje\/","title":{"rendered":"Montessori kreativni set za ubadaju\u0107e slikanje"},"content":{"rendered":"","protected":false},"excerpt":{"rendered":"<p>Neka djeca izraze svoju kreativnost sa ovim fantasti\u010dnim setom neobi\u010dnog oslikavanja. Posebna tehnika ubadaju\u0107eg oslikavanja odu\u0161evi\u0107e svako dijete!<\/p>\n","protected":false},"featured_media":12856,"comment_status":"closed","ping_status":"closed","template":"","meta":{"inline_featured_image":false},"product_brand":[],"product_cat":[15,35],"product_tag":[],"class_list":{"0":"post-12850","1":"product","2":"type-product","3":"status-publish","4":"has-post-thumbnail","6":"product_cat-uncategorized","7":"product_cat-fun","9":"first","10":"instock","11":"sale","12":"shipping-taxable","13":"purchasable","14":"product-type-simple"},"acf":[],"_links":{"self":[{"href":"https:\/\/linoexpress.com\/ba\/wp-json\/wp\/v2\/product\/12850","targetHints":{"allow":["GET"]}}],"collection":[{"href":"https:\/\/linoexpress.com\/ba\/wp-json\/wp\/v2\/product"}],"about":[{"href":"https:\/\/linoexpress.com\/ba\/wp-json\/wp\/v2\/types\/product"}],"replies":[{"embeddable":true,"href":"https:\/\/linoexpress.com\/ba\/wp-json\/wp\/v2\/comments?post=12850"}],"wp:featuredmedia":[{"embeddable":true,"href":"https:\/\/linoexpress.com\/ba\/wp-json\/wp\/v2\/media\/12856"}],"wp:attachment":[{"href":"https:\/\/linoexpress.com\/ba\/wp-json\/wp\/v2\/media?parent=12850"}],"wp:term":[{"taxonomy":"product_brand","embeddable":true,"href":"https:\/\/linoexpress.com\/ba\/wp-json\/wp\/v2\/product_brand?post=12850"},{"taxonomy":"product_cat","embeddable":true,"href":"https:\/\/linoexpress.com\/ba\/wp-json\/wp\/v2\/product_cat?post=12850"},{"taxonomy":"product_tag","embeddable":true,"href":"https:\/\/linoexpress.com\/ba\/wp-json\/wp\/v2\/product_tag?post=12850"}],"curies":[{"name":"wp","href":"https:\/\/api.w.org\/{rel}","templated":true}]}}