{"id":12954,"date":"2023-09-11T10:58:17","date_gmt":"2023-09-11T08:58:17","guid":{"rendered":"https:\/\/linoexpress.com\/ba\/?post_type=product&#038;p=12954"},"modified":"2024-10-11T13:44:07","modified_gmt":"2024-10-11T11:44:07","slug":"trenazer-za-struk","status":"publish","type":"product","link":"https:\/\/linoexpress.com\/ba\/proizvod\/trenazer-za-struk\/","title":{"rendered":"Trena\u017eer za struk"},"content":{"rendered":"","protected":false},"excerpt":{"rendered":"<p>Udobna i prozra\u010dna elasti\u010dna traka za stuk i le\u0111a vam pru\u017ea osje\u0107aj sigurnosti i lako\u0107e u kretanju. Smanjuje bol u le\u0111ima i br\u017ee sagorjevanje kalorije, a celulit nestaje \u010dak za 2-3 puta br\u017ee sa ovom trakom.<\/p>\n","protected":false},"featured_media":12963,"comment_status":"closed","ping_status":"closed","template":"","meta":{"inline_featured_image":false},"product_brand":[],"product_cat":[28,15,26],"product_tag":[],"class_list":{"0":"post-12954","1":"product","2":"type-product","3":"status-publish","4":"has-post-thumbnail","6":"product_cat-beauty","7":"product_cat-uncategorized","8":"product_cat-health","10":"first","11":"instock","12":"sale","13":"shipping-taxable","14":"purchasable","15":"product-type-simple"},"acf":[],"_links":{"self":[{"href":"https:\/\/linoexpress.com\/ba\/wp-json\/wp\/v2\/product\/12954","targetHints":{"allow":["GET"]}}],"collection":[{"href":"https:\/\/linoexpress.com\/ba\/wp-json\/wp\/v2\/product"}],"about":[{"href":"https:\/\/linoexpress.com\/ba\/wp-json\/wp\/v2\/types\/product"}],"replies":[{"embeddable":true,"href":"https:\/\/linoexpress.com\/ba\/wp-json\/wp\/v2\/comments?post=12954"}],"wp:featuredmedia":[{"embeddable":true,"href":"https:\/\/linoexpress.com\/ba\/wp-json\/wp\/v2\/media\/12963"}],"wp:attachment":[{"href":"https:\/\/linoexpress.com\/ba\/wp-json\/wp\/v2\/media?parent=12954"}],"wp:term":[{"taxonomy":"product_brand","embeddable":true,"href":"https:\/\/linoexpress.com\/ba\/wp-json\/wp\/v2\/product_brand?post=12954"},{"taxonomy":"product_cat","embeddable":true,"href":"https:\/\/linoexpress.com\/ba\/wp-json\/wp\/v2\/product_cat?post=12954"},{"taxonomy":"product_tag","embeddable":true,"href":"https:\/\/linoexpress.com\/ba\/wp-json\/wp\/v2\/product_tag?post=12954"}],"curies":[{"name":"wp","href":"https:\/\/api.w.org\/{rel}","templated":true}]}}