{"id":12989,"date":"2023-09-11T11:35:44","date_gmt":"2023-09-11T09:35:44","guid":{"rendered":"https:\/\/linoexpress.com\/ba\/?post_type=product&#038;p=12989"},"modified":"2024-02-27T14:55:55","modified_gmt":"2024-02-27T13:55:55","slug":"set-navoja-za-zaptivanje","status":"publish","type":"product","link":"https:\/\/linoexpress.com\/ba\/proizvod\/set-navoja-za-zaptivanje\/","title":{"rendered":"Set navoja za zaptivanje"},"content":{"rendered":"","protected":false},"excerpt":{"rendered":"<p>U\u010dinkovito, brzo i povoljno rije\u0161ite curenja vode, zraka ili ulja. Minimalni tro\u0161kovi za optimalne rezultate.<\/p>\n","protected":false},"featured_media":12994,"comment_status":"closed","ping_status":"closed","template":"","meta":{"inline_featured_image":false},"product_brand":[],"product_cat":[27,15],"product_tag":[],"class_list":{"0":"post-12989","1":"product","2":"type-product","3":"status-publish","4":"has-post-thumbnail","6":"product_cat-home","7":"product_cat-uncategorized","9":"first","10":"instock","11":"sale","12":"shipping-taxable","13":"purchasable","14":"product-type-simple"},"acf":[],"_links":{"self":[{"href":"https:\/\/linoexpress.com\/ba\/wp-json\/wp\/v2\/product\/12989","targetHints":{"allow":["GET"]}}],"collection":[{"href":"https:\/\/linoexpress.com\/ba\/wp-json\/wp\/v2\/product"}],"about":[{"href":"https:\/\/linoexpress.com\/ba\/wp-json\/wp\/v2\/types\/product"}],"replies":[{"embeddable":true,"href":"https:\/\/linoexpress.com\/ba\/wp-json\/wp\/v2\/comments?post=12989"}],"wp:featuredmedia":[{"embeddable":true,"href":"https:\/\/linoexpress.com\/ba\/wp-json\/wp\/v2\/media\/12994"}],"wp:attachment":[{"href":"https:\/\/linoexpress.com\/ba\/wp-json\/wp\/v2\/media?parent=12989"}],"wp:term":[{"taxonomy":"product_brand","embeddable":true,"href":"https:\/\/linoexpress.com\/ba\/wp-json\/wp\/v2\/product_brand?post=12989"},{"taxonomy":"product_cat","embeddable":true,"href":"https:\/\/linoexpress.com\/ba\/wp-json\/wp\/v2\/product_cat?post=12989"},{"taxonomy":"product_tag","embeddable":true,"href":"https:\/\/linoexpress.com\/ba\/wp-json\/wp\/v2\/product_tag?post=12989"}],"curies":[{"name":"wp","href":"https:\/\/api.w.org\/{rel}","templated":true}]}}