{"id":14637,"date":"2023-11-08T13:32:46","date_gmt":"2023-11-08T12:32:46","guid":{"rendered":"https:\/\/linoexpress.com\/ba\/?post_type=product&#038;p=14637"},"modified":"2025-01-28T00:41:48","modified_gmt":"2025-01-27T23:41:48","slug":"montessori-set-za-ucenje","status":"publish","type":"product","link":"https:\/\/linoexpress.com\/ba\/proizvod\/montessori-set-za-ucenje\/","title":{"rendered":"Montessori set za u\u010denje"},"content":{"rendered":"","protected":false},"excerpt":{"rendered":"<p>Prakti\u010dna i uredna torbica sa svim alatima koji su potrebni da se nau\u010de osnovne \u017eivotne radnje. U\u010denje korisnih stvari uz igru!<\/p>\n","protected":false},"featured_media":14643,"comment_status":"closed","ping_status":"closed","template":"","meta":{"inline_featured_image":false},"product_brand":[],"product_cat":[15,35],"product_tag":[],"class_list":{"0":"post-14637","1":"product","2":"type-product","3":"status-publish","4":"has-post-thumbnail","6":"product_cat-uncategorized","7":"product_cat-fun","9":"first","10":"instock","11":"sale","12":"shipping-taxable","13":"purchasable","14":"product-type-simple"},"acf":[],"_links":{"self":[{"href":"https:\/\/linoexpress.com\/ba\/wp-json\/wp\/v2\/product\/14637","targetHints":{"allow":["GET"]}}],"collection":[{"href":"https:\/\/linoexpress.com\/ba\/wp-json\/wp\/v2\/product"}],"about":[{"href":"https:\/\/linoexpress.com\/ba\/wp-json\/wp\/v2\/types\/product"}],"replies":[{"embeddable":true,"href":"https:\/\/linoexpress.com\/ba\/wp-json\/wp\/v2\/comments?post=14637"}],"wp:featuredmedia":[{"embeddable":true,"href":"https:\/\/linoexpress.com\/ba\/wp-json\/wp\/v2\/media\/14643"}],"wp:attachment":[{"href":"https:\/\/linoexpress.com\/ba\/wp-json\/wp\/v2\/media?parent=14637"}],"wp:term":[{"taxonomy":"product_brand","embeddable":true,"href":"https:\/\/linoexpress.com\/ba\/wp-json\/wp\/v2\/product_brand?post=14637"},{"taxonomy":"product_cat","embeddable":true,"href":"https:\/\/linoexpress.com\/ba\/wp-json\/wp\/v2\/product_cat?post=14637"},{"taxonomy":"product_tag","embeddable":true,"href":"https:\/\/linoexpress.com\/ba\/wp-json\/wp\/v2\/product_tag?post=14637"}],"curies":[{"name":"wp","href":"https:\/\/api.w.org\/{rel}","templated":true}]}}