{"id":15810,"date":"2024-05-30T14:05:03","date_gmt":"2024-05-30T12:05:03","guid":{"rendered":"https:\/\/linoexpress.com\/ba\/?post_type=product&#038;p=15810"},"modified":"2025-11-11T11:26:38","modified_gmt":"2025-11-11T10:26:38","slug":"magnetna-knjiga-za-sredjivanje-lutkica","status":"publish","type":"product","link":"https:\/\/linoexpress.com\/ba\/proizvod\/magnetna-knjiga-za-sredjivanje-lutkica\/","title":{"rendered":"Magnetna knjiga za sre\u0111ivanje lutkica"},"content":{"rendered":"","protected":false},"excerpt":{"rendered":"<p>Idealan poklon za djevoj\u010dice! Sklapanje odje\u0107e i modnih kombinacija nikad nisu bili lak\u0161i i zabavniji!<\/p>\n","protected":false},"featured_media":15820,"comment_status":"closed","ping_status":"closed","template":"","meta":{"inline_featured_image":false},"product_brand":[],"product_cat":[15,35],"product_tag":[],"class_list":{"0":"post-15810","1":"product","2":"type-product","3":"status-publish","4":"has-post-thumbnail","6":"product_cat-uncategorized","7":"product_cat-fun","9":"first","10":"instock","11":"sale","12":"shipping-taxable","13":"purchasable","14":"product-type-variable"},"acf":[],"_links":{"self":[{"href":"https:\/\/linoexpress.com\/ba\/wp-json\/wp\/v2\/product\/15810","targetHints":{"allow":["GET"]}}],"collection":[{"href":"https:\/\/linoexpress.com\/ba\/wp-json\/wp\/v2\/product"}],"about":[{"href":"https:\/\/linoexpress.com\/ba\/wp-json\/wp\/v2\/types\/product"}],"replies":[{"embeddable":true,"href":"https:\/\/linoexpress.com\/ba\/wp-json\/wp\/v2\/comments?post=15810"}],"wp:featuredmedia":[{"embeddable":true,"href":"https:\/\/linoexpress.com\/ba\/wp-json\/wp\/v2\/media\/15820"}],"wp:attachment":[{"href":"https:\/\/linoexpress.com\/ba\/wp-json\/wp\/v2\/media?parent=15810"}],"wp:term":[{"taxonomy":"product_brand","embeddable":true,"href":"https:\/\/linoexpress.com\/ba\/wp-json\/wp\/v2\/product_brand?post=15810"},{"taxonomy":"product_cat","embeddable":true,"href":"https:\/\/linoexpress.com\/ba\/wp-json\/wp\/v2\/product_cat?post=15810"},{"taxonomy":"product_tag","embeddable":true,"href":"https:\/\/linoexpress.com\/ba\/wp-json\/wp\/v2\/product_tag?post=15810"}],"curies":[{"name":"wp","href":"https:\/\/api.w.org\/{rel}","templated":true}]}}