{"id":15835,"date":"2024-05-30T14:56:33","date_gmt":"2024-05-30T12:56:33","guid":{"rendered":"https:\/\/linoexpress.com\/ba\/?post_type=product&#038;p=15835"},"modified":"2024-10-11T11:42:02","modified_gmt":"2024-10-11T09:42:02","slug":"visenamjenske-bastenske-grablje-od-karbonskog-celika","status":"publish","type":"product","link":"https:\/\/linoexpress.com\/ba\/proizvod\/visenamjenske-bastenske-grablje-od-karbonskog-celika\/","title":{"rendered":"Vi\u0161enamjenske ba\u0161tenske grablje od karbonskog \u010delika"},"content":{"rendered":"","protected":false},"excerpt":{"rendered":"<p>Ovaj visokokvalitetni ba\u0161tenski alat je nezamjenjiv pomaga\u010d u odr\u017eavanju va\u0161eg vrta ili ba\u0161te!<\/p>\n","protected":false},"featured_media":15845,"comment_status":"closed","ping_status":"closed","template":"","meta":{"inline_featured_image":false},"product_brand":[],"product_cat":[27,15],"product_tag":[],"class_list":{"0":"post-15835","1":"product","2":"type-product","3":"status-publish","4":"has-post-thumbnail","6":"product_cat-home","7":"product_cat-uncategorized","9":"first","10":"instock","11":"sale","12":"shipping-taxable","13":"purchasable","14":"product-type-simple"},"acf":[],"_links":{"self":[{"href":"https:\/\/linoexpress.com\/ba\/wp-json\/wp\/v2\/product\/15835","targetHints":{"allow":["GET"]}}],"collection":[{"href":"https:\/\/linoexpress.com\/ba\/wp-json\/wp\/v2\/product"}],"about":[{"href":"https:\/\/linoexpress.com\/ba\/wp-json\/wp\/v2\/types\/product"}],"replies":[{"embeddable":true,"href":"https:\/\/linoexpress.com\/ba\/wp-json\/wp\/v2\/comments?post=15835"}],"wp:featuredmedia":[{"embeddable":true,"href":"https:\/\/linoexpress.com\/ba\/wp-json\/wp\/v2\/media\/15845"}],"wp:attachment":[{"href":"https:\/\/linoexpress.com\/ba\/wp-json\/wp\/v2\/media?parent=15835"}],"wp:term":[{"taxonomy":"product_brand","embeddable":true,"href":"https:\/\/linoexpress.com\/ba\/wp-json\/wp\/v2\/product_brand?post=15835"},{"taxonomy":"product_cat","embeddable":true,"href":"https:\/\/linoexpress.com\/ba\/wp-json\/wp\/v2\/product_cat?post=15835"},{"taxonomy":"product_tag","embeddable":true,"href":"https:\/\/linoexpress.com\/ba\/wp-json\/wp\/v2\/product_tag?post=15835"}],"curies":[{"name":"wp","href":"https:\/\/api.w.org\/{rel}","templated":true}]}}