{"id":17075,"date":"2024-09-11T12:04:31","date_gmt":"2024-09-11T10:04:31","guid":{"rendered":"https:\/\/linoexpress.com\/ba\/?post_type=product&#038;p=17075"},"modified":"2025-11-11T11:30:51","modified_gmt":"2025-11-11T10:30:51","slug":"profesionalna-kljesta-za-lako-otvaranje","status":"publish","type":"product","link":"https:\/\/linoexpress.com\/ba\/proizvod\/profesionalna-kljesta-za-lako-otvaranje\/","title":{"rendered":"Profesionalna klje\u0161ta za lako otvaranje"},"content":{"rendered":"","protected":false},"excerpt":{"rendered":"<p>Jednostavno i lako otvorite sve vrste pri\u010dvr\u0161\u0107iva\u010da, kop\u010di ili zakovica. Otvorite panele bez problema , napora i o\u0161te\u0107enja.<\/p>\n","protected":false},"featured_media":17079,"comment_status":"closed","ping_status":"closed","template":"","meta":{"inline_featured_image":false},"product_brand":[],"product_cat":[25,27,15],"product_tag":[],"class_list":{"0":"post-17075","1":"product","2":"type-product","3":"status-publish","4":"has-post-thumbnail","6":"product_cat-car","7":"product_cat-home","8":"product_cat-uncategorized","10":"first","11":"instock","12":"sale","13":"shipping-taxable","14":"purchasable","15":"product-type-simple"},"acf":[],"_links":{"self":[{"href":"https:\/\/linoexpress.com\/ba\/wp-json\/wp\/v2\/product\/17075","targetHints":{"allow":["GET"]}}],"collection":[{"href":"https:\/\/linoexpress.com\/ba\/wp-json\/wp\/v2\/product"}],"about":[{"href":"https:\/\/linoexpress.com\/ba\/wp-json\/wp\/v2\/types\/product"}],"replies":[{"embeddable":true,"href":"https:\/\/linoexpress.com\/ba\/wp-json\/wp\/v2\/comments?post=17075"}],"wp:featuredmedia":[{"embeddable":true,"href":"https:\/\/linoexpress.com\/ba\/wp-json\/wp\/v2\/media\/17079"}],"wp:attachment":[{"href":"https:\/\/linoexpress.com\/ba\/wp-json\/wp\/v2\/media?parent=17075"}],"wp:term":[{"taxonomy":"product_brand","embeddable":true,"href":"https:\/\/linoexpress.com\/ba\/wp-json\/wp\/v2\/product_brand?post=17075"},{"taxonomy":"product_cat","embeddable":true,"href":"https:\/\/linoexpress.com\/ba\/wp-json\/wp\/v2\/product_cat?post=17075"},{"taxonomy":"product_tag","embeddable":true,"href":"https:\/\/linoexpress.com\/ba\/wp-json\/wp\/v2\/product_tag?post=17075"}],"curies":[{"name":"wp","href":"https:\/\/api.w.org\/{rel}","templated":true}]}}