{"id":17088,"date":"2024-09-11T12:37:50","date_gmt":"2024-09-11T10:37:50","guid":{"rendered":"https:\/\/linoexpress.com\/ba\/?post_type=product&#038;p=17088"},"modified":"2025-11-11T11:29:52","modified_gmt":"2025-11-11T10:29:52","slug":"dvostruki-kontrolni-ventil","status":"publish","type":"product","link":"https:\/\/linoexpress.com\/ba\/proizvod\/dvostruki-kontrolni-ventil\/","title":{"rendered":"Dvostruki kontrolni ventil"},"content":{"rendered":"","protected":false},"excerpt":{"rendered":"<p>Fenomenalan dvostruki kontrolni ventil za vi\u0161e opcija i mogu\u0107nosti u va\u0161em domu. Odli\u010dne karakteristike garantuju zadovoljstvo!<\/p>\n","protected":false},"featured_media":17094,"comment_status":"closed","ping_status":"closed","template":"","meta":{"inline_featured_image":false},"product_brand":[],"product_cat":[27,15],"product_tag":[],"class_list":{"0":"post-17088","1":"product","2":"type-product","3":"status-publish","4":"has-post-thumbnail","6":"product_cat-home","7":"product_cat-uncategorized","9":"first","10":"instock","11":"sale","12":"shipping-taxable","13":"purchasable","14":"product-type-simple"},"acf":[],"_links":{"self":[{"href":"https:\/\/linoexpress.com\/ba\/wp-json\/wp\/v2\/product\/17088","targetHints":{"allow":["GET"]}}],"collection":[{"href":"https:\/\/linoexpress.com\/ba\/wp-json\/wp\/v2\/product"}],"about":[{"href":"https:\/\/linoexpress.com\/ba\/wp-json\/wp\/v2\/types\/product"}],"replies":[{"embeddable":true,"href":"https:\/\/linoexpress.com\/ba\/wp-json\/wp\/v2\/comments?post=17088"}],"wp:featuredmedia":[{"embeddable":true,"href":"https:\/\/linoexpress.com\/ba\/wp-json\/wp\/v2\/media\/17094"}],"wp:attachment":[{"href":"https:\/\/linoexpress.com\/ba\/wp-json\/wp\/v2\/media?parent=17088"}],"wp:term":[{"taxonomy":"product_brand","embeddable":true,"href":"https:\/\/linoexpress.com\/ba\/wp-json\/wp\/v2\/product_brand?post=17088"},{"taxonomy":"product_cat","embeddable":true,"href":"https:\/\/linoexpress.com\/ba\/wp-json\/wp\/v2\/product_cat?post=17088"},{"taxonomy":"product_tag","embeddable":true,"href":"https:\/\/linoexpress.com\/ba\/wp-json\/wp\/v2\/product_tag?post=17088"}],"curies":[{"name":"wp","href":"https:\/\/api.w.org\/{rel}","templated":true}]}}