{"id":17105,"date":"2024-09-12T09:08:20","date_gmt":"2024-09-12T07:08:20","guid":{"rendered":"https:\/\/linoexpress.com\/ba\/?post_type=product&#038;p=17105"},"modified":"2025-11-11T11:28:47","modified_gmt":"2025-11-11T10:28:47","slug":"plasticni-navoji-za-cijevi-6-kom","status":"publish","type":"product","link":"https:\/\/linoexpress.com\/ba\/proizvod\/plasticni-navoji-za-cijevi-6-kom\/","title":{"rendered":"Plasti\u010dni navoji za cijevi &#8211; 6 kom"},"content":{"rendered":"","protected":false},"excerpt":{"rendered":"<p>Odli\u010dan set navoja za brz i efikasan rad. Sve \u0161to vam je potrebno za kvalitetan popravak raznih vrsta cijevi!<\/p>\n","protected":false},"featured_media":17109,"comment_status":"closed","ping_status":"closed","template":"","meta":{"inline_featured_image":false},"product_brand":[],"product_cat":[27,15],"product_tag":[],"class_list":{"0":"post-17105","1":"product","2":"type-product","3":"status-publish","4":"has-post-thumbnail","6":"product_cat-home","7":"product_cat-uncategorized","9":"first","10":"instock","11":"sale","12":"shipping-taxable","13":"purchasable","14":"product-type-simple"},"acf":[],"_links":{"self":[{"href":"https:\/\/linoexpress.com\/ba\/wp-json\/wp\/v2\/product\/17105","targetHints":{"allow":["GET"]}}],"collection":[{"href":"https:\/\/linoexpress.com\/ba\/wp-json\/wp\/v2\/product"}],"about":[{"href":"https:\/\/linoexpress.com\/ba\/wp-json\/wp\/v2\/types\/product"}],"replies":[{"embeddable":true,"href":"https:\/\/linoexpress.com\/ba\/wp-json\/wp\/v2\/comments?post=17105"}],"wp:featuredmedia":[{"embeddable":true,"href":"https:\/\/linoexpress.com\/ba\/wp-json\/wp\/v2\/media\/17109"}],"wp:attachment":[{"href":"https:\/\/linoexpress.com\/ba\/wp-json\/wp\/v2\/media?parent=17105"}],"wp:term":[{"taxonomy":"product_brand","embeddable":true,"href":"https:\/\/linoexpress.com\/ba\/wp-json\/wp\/v2\/product_brand?post=17105"},{"taxonomy":"product_cat","embeddable":true,"href":"https:\/\/linoexpress.com\/ba\/wp-json\/wp\/v2\/product_cat?post=17105"},{"taxonomy":"product_tag","embeddable":true,"href":"https:\/\/linoexpress.com\/ba\/wp-json\/wp\/v2\/product_tag?post=17105"}],"curies":[{"name":"wp","href":"https:\/\/api.w.org\/{rel}","templated":true}]}}