{"id":17117,"date":"2024-09-12T09:31:28","date_gmt":"2024-09-12T07:31:28","guid":{"rendered":"https:\/\/linoexpress.com\/ba\/?post_type=product&#038;p=17117"},"modified":"2025-11-11T11:27:54","modified_gmt":"2025-11-11T10:27:54","slug":"vakumski-cistac-i-sterilizator","status":"publish","type":"product","link":"https:\/\/linoexpress.com\/ba\/proizvod\/vakumski-cistac-i-sterilizator\/","title":{"rendered":"Vakumski \u010dista\u010d i sterilizator"},"content":{"rendered":"","protected":false},"excerpt":{"rendered":"<p>UV sterilizator i \u010dista\u010d pra\u0161ine i grinja garantuje vam svje\u017ee i bezbjedno okru\u017eenje. Priu\u0161tite sebi optimalno \u010dist dom!<\/p>\n","protected":false},"featured_media":17127,"comment_status":"closed","ping_status":"closed","template":"","meta":{"inline_featured_image":false},"product_brand":[],"product_cat":[27,15],"product_tag":[],"class_list":{"0":"post-17117","1":"product","2":"type-product","3":"status-publish","4":"has-post-thumbnail","6":"product_cat-home","7":"product_cat-uncategorized","9":"first","10":"instock","11":"sale","12":"shipping-taxable","13":"purchasable","14":"product-type-simple"},"acf":[],"_links":{"self":[{"href":"https:\/\/linoexpress.com\/ba\/wp-json\/wp\/v2\/product\/17117","targetHints":{"allow":["GET"]}}],"collection":[{"href":"https:\/\/linoexpress.com\/ba\/wp-json\/wp\/v2\/product"}],"about":[{"href":"https:\/\/linoexpress.com\/ba\/wp-json\/wp\/v2\/types\/product"}],"replies":[{"embeddable":true,"href":"https:\/\/linoexpress.com\/ba\/wp-json\/wp\/v2\/comments?post=17117"}],"wp:featuredmedia":[{"embeddable":true,"href":"https:\/\/linoexpress.com\/ba\/wp-json\/wp\/v2\/media\/17127"}],"wp:attachment":[{"href":"https:\/\/linoexpress.com\/ba\/wp-json\/wp\/v2\/media?parent=17117"}],"wp:term":[{"taxonomy":"product_brand","embeddable":true,"href":"https:\/\/linoexpress.com\/ba\/wp-json\/wp\/v2\/product_brand?post=17117"},{"taxonomy":"product_cat","embeddable":true,"href":"https:\/\/linoexpress.com\/ba\/wp-json\/wp\/v2\/product_cat?post=17117"},{"taxonomy":"product_tag","embeddable":true,"href":"https:\/\/linoexpress.com\/ba\/wp-json\/wp\/v2\/product_tag?post=17117"}],"curies":[{"name":"wp","href":"https:\/\/api.w.org\/{rel}","templated":true}]}}