{"id":17154,"date":"2024-09-12T09:58:51","date_gmt":"2024-09-12T07:58:51","guid":{"rendered":"https:\/\/linoexpress.com\/ba\/?post_type=product&#038;p=17154"},"modified":"2024-09-25T11:00:05","modified_gmt":"2024-09-25T09:00:05","slug":"kasica-za-stednju","status":"publish","type":"product","link":"https:\/\/linoexpress.com\/ba\/proizvod\/kasica-za-stednju\/","title":{"rendered":"Kasica za \u0161tednju"},"content":{"rendered":"","protected":false},"excerpt":{"rendered":"<p>Ova prakti\u010dna kutija sa planom za u\u0161tedu jednostavno i lako \u0107e vas dovesti do zadanog cilja. Bez stresa i na zabavan na\u010din u\u0161tedite novac!<\/p>\n","protected":false},"featured_media":17161,"comment_status":"closed","ping_status":"closed","template":"","meta":{"inline_featured_image":false},"product_brand":[],"product_cat":[15,35],"product_tag":[],"class_list":{"0":"post-17154","1":"product","2":"type-product","3":"status-publish","4":"has-post-thumbnail","6":"product_cat-uncategorized","7":"product_cat-fun","9":"first","10":"instock","11":"sale","12":"shipping-taxable","13":"purchasable","14":"product-type-simple"},"acf":[],"_links":{"self":[{"href":"https:\/\/linoexpress.com\/ba\/wp-json\/wp\/v2\/product\/17154","targetHints":{"allow":["GET"]}}],"collection":[{"href":"https:\/\/linoexpress.com\/ba\/wp-json\/wp\/v2\/product"}],"about":[{"href":"https:\/\/linoexpress.com\/ba\/wp-json\/wp\/v2\/types\/product"}],"replies":[{"embeddable":true,"href":"https:\/\/linoexpress.com\/ba\/wp-json\/wp\/v2\/comments?post=17154"}],"wp:featuredmedia":[{"embeddable":true,"href":"https:\/\/linoexpress.com\/ba\/wp-json\/wp\/v2\/media\/17161"}],"wp:attachment":[{"href":"https:\/\/linoexpress.com\/ba\/wp-json\/wp\/v2\/media?parent=17154"}],"wp:term":[{"taxonomy":"product_brand","embeddable":true,"href":"https:\/\/linoexpress.com\/ba\/wp-json\/wp\/v2\/product_brand?post=17154"},{"taxonomy":"product_cat","embeddable":true,"href":"https:\/\/linoexpress.com\/ba\/wp-json\/wp\/v2\/product_cat?post=17154"},{"taxonomy":"product_tag","embeddable":true,"href":"https:\/\/linoexpress.com\/ba\/wp-json\/wp\/v2\/product_tag?post=17154"}],"curies":[{"name":"wp","href":"https:\/\/api.w.org\/{rel}","templated":true}]}}