{"id":17451,"date":"2024-10-08T10:13:36","date_gmt":"2024-10-08T08:13:36","guid":{"rendered":"https:\/\/linoexpress.com\/ba\/?post_type=product&#038;p=17451"},"modified":"2024-10-15T12:45:51","modified_gmt":"2024-10-15T10:45:51","slug":"muzicki-i-svjetlosni-aparat-za-pravljenje-mjehurica","status":"publish","type":"product","link":"https:\/\/linoexpress.com\/ba\/proizvod\/muzicki-i-svjetlosni-aparat-za-pravljenje-mjehurica\/","title":{"rendered":"Muzi\u010dki i svjetlosni aparat za pravljenje mjehuri\u0107a"},"content":{"rendered":"","protected":false},"excerpt":{"rendered":"<p>Ova ma\u0161ina za balon\u010di\u0107e dolazi sa muzikom , stvaraju\u0107i sjajan prikaz \u0161arenih mjehuri\u0107a koji \u0107e vas ili va\u0161e dijete u\u010diniti zvijezdom predstave!<\/p>\n","protected":false},"featured_media":17458,"comment_status":"closed","ping_status":"closed","template":"","meta":{"inline_featured_image":false},"product_brand":[],"product_cat":[15],"product_tag":[],"class_list":{"0":"post-17451","1":"product","2":"type-product","3":"status-publish","4":"has-post-thumbnail","6":"product_cat-uncategorized","8":"first","9":"instock","10":"sale","11":"shipping-taxable","12":"purchasable","13":"product-type-simple"},"acf":[],"_links":{"self":[{"href":"https:\/\/linoexpress.com\/ba\/wp-json\/wp\/v2\/product\/17451","targetHints":{"allow":["GET"]}}],"collection":[{"href":"https:\/\/linoexpress.com\/ba\/wp-json\/wp\/v2\/product"}],"about":[{"href":"https:\/\/linoexpress.com\/ba\/wp-json\/wp\/v2\/types\/product"}],"replies":[{"embeddable":true,"href":"https:\/\/linoexpress.com\/ba\/wp-json\/wp\/v2\/comments?post=17451"}],"wp:featuredmedia":[{"embeddable":true,"href":"https:\/\/linoexpress.com\/ba\/wp-json\/wp\/v2\/media\/17458"}],"wp:attachment":[{"href":"https:\/\/linoexpress.com\/ba\/wp-json\/wp\/v2\/media?parent=17451"}],"wp:term":[{"taxonomy":"product_brand","embeddable":true,"href":"https:\/\/linoexpress.com\/ba\/wp-json\/wp\/v2\/product_brand?post=17451"},{"taxonomy":"product_cat","embeddable":true,"href":"https:\/\/linoexpress.com\/ba\/wp-json\/wp\/v2\/product_cat?post=17451"},{"taxonomy":"product_tag","embeddable":true,"href":"https:\/\/linoexpress.com\/ba\/wp-json\/wp\/v2\/product_tag?post=17451"}],"curies":[{"name":"wp","href":"https:\/\/api.w.org\/{rel}","templated":true}]}}