{"id":17474,"date":"2024-10-08T12:39:07","date_gmt":"2024-10-08T10:39:07","guid":{"rendered":"https:\/\/linoexpress.com\/ba\/?post_type=product&#038;p=17474"},"modified":"2024-10-15T12:48:28","modified_gmt":"2024-10-15T10:48:28","slug":"auto-koji-plese-na-daljinsko-upravljanje","status":"publish","type":"product","link":"https:\/\/linoexpress.com\/ba\/proizvod\/auto-koji-plese-na-daljinsko-upravljanje\/","title":{"rendered":"Auto koji ple\u0161e na daljinsko upravljanje"},"content":{"rendered":"","protected":false},"excerpt":{"rendered":"<p>U\u017eivajte u satima zabave sa na\u0161im visokokvalitetnim ABS autom na daljinsko upravljanje koji ple\u0161e !<\/p>\n","protected":false},"featured_media":17478,"comment_status":"closed","ping_status":"closed","template":"","meta":{"inline_featured_image":false},"product_brand":[],"product_cat":[15],"product_tag":[],"class_list":{"0":"post-17474","1":"product","2":"type-product","3":"status-publish","4":"has-post-thumbnail","6":"product_cat-uncategorized","8":"first","9":"instock","10":"sale","11":"shipping-taxable","12":"purchasable","13":"product-type-simple"},"acf":[],"_links":{"self":[{"href":"https:\/\/linoexpress.com\/ba\/wp-json\/wp\/v2\/product\/17474","targetHints":{"allow":["GET"]}}],"collection":[{"href":"https:\/\/linoexpress.com\/ba\/wp-json\/wp\/v2\/product"}],"about":[{"href":"https:\/\/linoexpress.com\/ba\/wp-json\/wp\/v2\/types\/product"}],"replies":[{"embeddable":true,"href":"https:\/\/linoexpress.com\/ba\/wp-json\/wp\/v2\/comments?post=17474"}],"wp:featuredmedia":[{"embeddable":true,"href":"https:\/\/linoexpress.com\/ba\/wp-json\/wp\/v2\/media\/17478"}],"wp:attachment":[{"href":"https:\/\/linoexpress.com\/ba\/wp-json\/wp\/v2\/media?parent=17474"}],"wp:term":[{"taxonomy":"product_brand","embeddable":true,"href":"https:\/\/linoexpress.com\/ba\/wp-json\/wp\/v2\/product_brand?post=17474"},{"taxonomy":"product_cat","embeddable":true,"href":"https:\/\/linoexpress.com\/ba\/wp-json\/wp\/v2\/product_cat?post=17474"},{"taxonomy":"product_tag","embeddable":true,"href":"https:\/\/linoexpress.com\/ba\/wp-json\/wp\/v2\/product_tag?post=17474"}],"curies":[{"name":"wp","href":"https:\/\/api.w.org\/{rel}","templated":true}]}}