{"id":18153,"date":"2025-01-20T00:01:19","date_gmt":"2025-01-19T23:01:19","guid":{"rendered":"https:\/\/linoexpress.com\/ba\/?post_type=product&#038;p=18153"},"modified":"2025-02-03T11:44:40","modified_gmt":"2025-02-03T10:44:40","slug":"boxing-set","status":"publish","type":"product","link":"https:\/\/linoexpress.com\/ba\/proizvod\/boxing-set\/","title":{"rendered":"Boxing set"},"content":{"rendered":"","protected":false},"excerpt":{"rendered":"<p>Fenomenalan na\u010din za ve\u017ebu i izbacivanje vi\u0161ka energije ! Ovaj set razvi\u0107e ljubav prema sportu i dobroj kondiciji!<\/p>\n","protected":false},"featured_media":18154,"comment_status":"open","ping_status":"closed","template":"","meta":{"inline_featured_image":false},"product_brand":[],"product_cat":[15],"product_tag":[],"class_list":{"0":"post-18153","1":"product","2":"type-product","3":"status-publish","4":"has-post-thumbnail","6":"product_cat-uncategorized","8":"first","9":"instock","10":"sale","11":"shipping-taxable","12":"purchasable","13":"product-type-simple"},"acf":[],"_links":{"self":[{"href":"https:\/\/linoexpress.com\/ba\/wp-json\/wp\/v2\/product\/18153","targetHints":{"allow":["GET"]}}],"collection":[{"href":"https:\/\/linoexpress.com\/ba\/wp-json\/wp\/v2\/product"}],"about":[{"href":"https:\/\/linoexpress.com\/ba\/wp-json\/wp\/v2\/types\/product"}],"replies":[{"embeddable":true,"href":"https:\/\/linoexpress.com\/ba\/wp-json\/wp\/v2\/comments?post=18153"}],"wp:featuredmedia":[{"embeddable":true,"href":"https:\/\/linoexpress.com\/ba\/wp-json\/wp\/v2\/media\/18154"}],"wp:attachment":[{"href":"https:\/\/linoexpress.com\/ba\/wp-json\/wp\/v2\/media?parent=18153"}],"wp:term":[{"taxonomy":"product_brand","embeddable":true,"href":"https:\/\/linoexpress.com\/ba\/wp-json\/wp\/v2\/product_brand?post=18153"},{"taxonomy":"product_cat","embeddable":true,"href":"https:\/\/linoexpress.com\/ba\/wp-json\/wp\/v2\/product_cat?post=18153"},{"taxonomy":"product_tag","embeddable":true,"href":"https:\/\/linoexpress.com\/ba\/wp-json\/wp\/v2\/product_tag?post=18153"}],"curies":[{"name":"wp","href":"https:\/\/api.w.org\/{rel}","templated":true}]}}