{"id":18172,"date":"2025-01-20T00:47:06","date_gmt":"2025-01-19T23:47:06","guid":{"rendered":"https:\/\/linoexpress.com\/ba\/?post_type=product&#038;p=18172"},"modified":"2025-02-03T11:44:06","modified_gmt":"2025-02-03T10:44:06","slug":"relaksirajuce-mini-police-sa-knjigama","status":"publish","type":"product","link":"https:\/\/linoexpress.com\/ba\/proizvod\/relaksirajuce-mini-police-sa-knjigama\/","title":{"rendered":"Relaksiraju\u0107e mini police sa knjigama"},"content":{"rendered":"","protected":false},"excerpt":{"rendered":"<p>Rije\u0161ite se anksioznosti i napetosti sa ovom relaksiraju\u0107om policom sa malim knjigama. Sla\u017eite knjige i prona\u0111ite svoj mir !<\/p>\n","protected":false},"featured_media":18176,"comment_status":"open","ping_status":"closed","template":"","meta":{"inline_featured_image":false},"product_brand":[],"product_cat":[15],"product_tag":[],"class_list":{"0":"post-18172","1":"product","2":"type-product","3":"status-publish","4":"has-post-thumbnail","6":"product_cat-uncategorized","8":"first","9":"instock","10":"sale","11":"shipping-taxable","12":"purchasable","13":"product-type-simple"},"acf":[],"_links":{"self":[{"href":"https:\/\/linoexpress.com\/ba\/wp-json\/wp\/v2\/product\/18172","targetHints":{"allow":["GET"]}}],"collection":[{"href":"https:\/\/linoexpress.com\/ba\/wp-json\/wp\/v2\/product"}],"about":[{"href":"https:\/\/linoexpress.com\/ba\/wp-json\/wp\/v2\/types\/product"}],"replies":[{"embeddable":true,"href":"https:\/\/linoexpress.com\/ba\/wp-json\/wp\/v2\/comments?post=18172"}],"wp:featuredmedia":[{"embeddable":true,"href":"https:\/\/linoexpress.com\/ba\/wp-json\/wp\/v2\/media\/18176"}],"wp:attachment":[{"href":"https:\/\/linoexpress.com\/ba\/wp-json\/wp\/v2\/media?parent=18172"}],"wp:term":[{"taxonomy":"product_brand","embeddable":true,"href":"https:\/\/linoexpress.com\/ba\/wp-json\/wp\/v2\/product_brand?post=18172"},{"taxonomy":"product_cat","embeddable":true,"href":"https:\/\/linoexpress.com\/ba\/wp-json\/wp\/v2\/product_cat?post=18172"},{"taxonomy":"product_tag","embeddable":true,"href":"https:\/\/linoexpress.com\/ba\/wp-json\/wp\/v2\/product_tag?post=18172"}],"curies":[{"name":"wp","href":"https:\/\/api.w.org\/{rel}","templated":true}]}}