{"id":18340,"date":"2025-06-20T00:05:30","date_gmt":"2025-06-19T22:05:30","guid":{"rendered":"https:\/\/linoexpress.com\/ba\/?post_type=product&#038;p=18340"},"modified":"2025-06-20T01:00:34","modified_gmt":"2025-06-19T23:00:34","slug":"turbo-zracni-puhac","status":"publish","type":"product","link":"https:\/\/linoexpress.com\/ba\/proizvod\/turbo-zracni-puhac\/","title":{"rendered":"Turbo zra\u010dni puha\u010d"},"content":{"rendered":"","protected":false},"excerpt":{"rendered":"<p>Be\u017ei\u010dni turbo puha\u010d je mo\u0107an vi\u0161enamjenski alat za \u010di\u0161\u0107enje, su\u0161enje i napuhavanje. Idealan je za automobil, elektroniku, ku\u0107nu i spolja\u0161nju upotrebu. Kompaktan, ali izuzetno mo\u0107an \u2013 \u010dini va\u0161e svakodnevne zadatke br\u017eim i lak\u0161im.<\/p>\n","protected":false},"featured_media":18352,"comment_status":"closed","ping_status":"closed","template":"","meta":{"inline_featured_image":false},"product_brand":[],"product_cat":[15,35],"product_tag":[],"class_list":{"0":"post-18340","1":"product","2":"type-product","3":"status-publish","4":"has-post-thumbnail","6":"product_cat-uncategorized","7":"product_cat-fun","9":"first","10":"instock","11":"sale","12":"shipping-taxable","13":"purchasable","14":"product-type-simple"},"acf":[],"_links":{"self":[{"href":"https:\/\/linoexpress.com\/ba\/wp-json\/wp\/v2\/product\/18340","targetHints":{"allow":["GET"]}}],"collection":[{"href":"https:\/\/linoexpress.com\/ba\/wp-json\/wp\/v2\/product"}],"about":[{"href":"https:\/\/linoexpress.com\/ba\/wp-json\/wp\/v2\/types\/product"}],"replies":[{"embeddable":true,"href":"https:\/\/linoexpress.com\/ba\/wp-json\/wp\/v2\/comments?post=18340"}],"wp:featuredmedia":[{"embeddable":true,"href":"https:\/\/linoexpress.com\/ba\/wp-json\/wp\/v2\/media\/18352"}],"wp:attachment":[{"href":"https:\/\/linoexpress.com\/ba\/wp-json\/wp\/v2\/media?parent=18340"}],"wp:term":[{"taxonomy":"product_brand","embeddable":true,"href":"https:\/\/linoexpress.com\/ba\/wp-json\/wp\/v2\/product_brand?post=18340"},{"taxonomy":"product_cat","embeddable":true,"href":"https:\/\/linoexpress.com\/ba\/wp-json\/wp\/v2\/product_cat?post=18340"},{"taxonomy":"product_tag","embeddable":true,"href":"https:\/\/linoexpress.com\/ba\/wp-json\/wp\/v2\/product_tag?post=18340"}],"curies":[{"name":"wp","href":"https:\/\/api.w.org\/{rel}","templated":true}]}}