{"id":18459,"date":"2025-07-24T21:19:52","date_gmt":"2025-07-24T19:19:52","guid":{"rendered":"https:\/\/linoexpress.com\/ba\/?post_type=product&#038;p=18459"},"modified":"2025-07-24T22:29:16","modified_gmt":"2025-07-24T20:29:16","slug":"rotirajuca-korpa-za-rostilj","status":"publish","type":"product","link":"https:\/\/linoexpress.com\/ba\/proizvod\/rotirajuca-korpa-za-rostilj\/","title":{"rendered":"Rotiraju\u0107a korpa za ro\u0161tilj"},"content":{"rendered":"","protected":false},"excerpt":{"rendered":"<p>Prakti\u010dna i inovativna korpa za pe\u010denje koja ravnomjerno rotira hranu za savr\u0161en ukus. Idealna za povr\u0107e, meso i ora\u0161aste plodove. \u0160tedi vrijeme, prostor i omogu\u0107ava potpuno u\u017eivanje u ro\u0161tiljanju.<\/p>\n","protected":false},"featured_media":18472,"comment_status":"closed","ping_status":"closed","template":"","meta":{"inline_featured_image":false},"product_brand":[],"product_cat":[15,35],"product_tag":[],"class_list":{"0":"post-18459","1":"product","2":"type-product","3":"status-publish","4":"has-post-thumbnail","6":"product_cat-uncategorized","7":"product_cat-fun","9":"first","10":"instock","11":"sale","12":"shipping-taxable","13":"purchasable","14":"product-type-simple"},"acf":[],"_links":{"self":[{"href":"https:\/\/linoexpress.com\/ba\/wp-json\/wp\/v2\/product\/18459","targetHints":{"allow":["GET"]}}],"collection":[{"href":"https:\/\/linoexpress.com\/ba\/wp-json\/wp\/v2\/product"}],"about":[{"href":"https:\/\/linoexpress.com\/ba\/wp-json\/wp\/v2\/types\/product"}],"replies":[{"embeddable":true,"href":"https:\/\/linoexpress.com\/ba\/wp-json\/wp\/v2\/comments?post=18459"}],"wp:featuredmedia":[{"embeddable":true,"href":"https:\/\/linoexpress.com\/ba\/wp-json\/wp\/v2\/media\/18472"}],"wp:attachment":[{"href":"https:\/\/linoexpress.com\/ba\/wp-json\/wp\/v2\/media?parent=18459"}],"wp:term":[{"taxonomy":"product_brand","embeddable":true,"href":"https:\/\/linoexpress.com\/ba\/wp-json\/wp\/v2\/product_brand?post=18459"},{"taxonomy":"product_cat","embeddable":true,"href":"https:\/\/linoexpress.com\/ba\/wp-json\/wp\/v2\/product_cat?post=18459"},{"taxonomy":"product_tag","embeddable":true,"href":"https:\/\/linoexpress.com\/ba\/wp-json\/wp\/v2\/product_tag?post=18459"}],"curies":[{"name":"wp","href":"https:\/\/api.w.org\/{rel}","templated":true}]}}