{"id":18564,"date":"2025-10-22T23:26:49","date_gmt":"2025-10-22T21:26:49","guid":{"rendered":"https:\/\/linoexpress.com\/ba\/?post_type=product&#038;p=18564"},"modified":"2026-01-12T10:38:40","modified_gmt":"2026-01-12T09:38:40","slug":"boxing-set-za-djecu","status":"publish","type":"product","link":"https:\/\/linoexpress.com\/ba\/proizvod\/boxing-set-za-djecu\/","title":{"rendered":"Boxing set za djecu"},"content":{"rendered":"","protected":false},"excerpt":{"rendered":"<p data-pm-slice=\"1 1 []\">Zabavan i siguran na\u010din da djeca tro\u0161e vi\u0161ak energije, razvijaju kondiciju i koordinaciju! Ovaj set poti\u010de ljubav prema sportu, poma\u017ee u izgradnji zdravih navika i smanjenju stresa kod mali\u0161ana. Kvalitetna i sigurna izrada garantuje dugotrajnu i sigurnu upotrebu.<\/p>\n","protected":false},"featured_media":18570,"comment_status":"closed","ping_status":"closed","template":"","meta":{"inline_featured_image":false},"product_brand":[],"product_cat":[15,35],"product_tag":[],"class_list":{"0":"post-18564","1":"product","2":"type-product","3":"status-publish","4":"has-post-thumbnail","6":"product_cat-uncategorized","7":"product_cat-fun","9":"first","10":"instock","11":"sale","12":"shipping-taxable","13":"purchasable","14":"product-type-simple"},"acf":[],"_links":{"self":[{"href":"https:\/\/linoexpress.com\/ba\/wp-json\/wp\/v2\/product\/18564","targetHints":{"allow":["GET"]}}],"collection":[{"href":"https:\/\/linoexpress.com\/ba\/wp-json\/wp\/v2\/product"}],"about":[{"href":"https:\/\/linoexpress.com\/ba\/wp-json\/wp\/v2\/types\/product"}],"replies":[{"embeddable":true,"href":"https:\/\/linoexpress.com\/ba\/wp-json\/wp\/v2\/comments?post=18564"}],"wp:featuredmedia":[{"embeddable":true,"href":"https:\/\/linoexpress.com\/ba\/wp-json\/wp\/v2\/media\/18570"}],"wp:attachment":[{"href":"https:\/\/linoexpress.com\/ba\/wp-json\/wp\/v2\/media?parent=18564"}],"wp:term":[{"taxonomy":"product_brand","embeddable":true,"href":"https:\/\/linoexpress.com\/ba\/wp-json\/wp\/v2\/product_brand?post=18564"},{"taxonomy":"product_cat","embeddable":true,"href":"https:\/\/linoexpress.com\/ba\/wp-json\/wp\/v2\/product_cat?post=18564"},{"taxonomy":"product_tag","embeddable":true,"href":"https:\/\/linoexpress.com\/ba\/wp-json\/wp\/v2\/product_tag?post=18564"}],"curies":[{"name":"wp","href":"https:\/\/api.w.org\/{rel}","templated":true}]}}