{"id":18749,"date":"2025-12-27T07:19:59","date_gmt":"2025-12-27T06:19:59","guid":{"rendered":"https:\/\/linoexpress.com\/ba\/proizvod\/koala-product\/"},"modified":"2026-02-04T01:13:08","modified_gmt":"2026-02-04T00:13:08","slug":"slatka-plisana-igracka-kuschelkoala","status":"publish","type":"product","link":"https:\/\/linoexpress.com\/ba\/proizvod\/slatka-plisana-igracka-kuschelkoala\/","title":{"rendered":"Slatka pli\u0161ana igra\u010dka &#8211; KuschelKoala"},"content":{"rendered":"","protected":false},"excerpt":{"rendered":"<p><span dir=\"auto\">Slatka pli\u0161ana igra\u010dka je mekana i ugodna igra\u010dka, pogodna za ma\u017eenje, igru \u200b\u200bi svakodnevnu upotrebu. Napravljena je od ugodnog pli\u0161a i ima uredan i ugodan izgled koji se svi\u0111a djeci i odraslima. Dobro se uklapa u dom, dje\u010dju sobu ili kao poklon u posebnim prilikama.<\/span><\/p>\n","protected":false},"featured_media":18750,"comment_status":"closed","ping_status":"closed","template":"","meta":{"inline_featured_image":false},"product_brand":[],"product_cat":[27,15,35],"product_tag":[],"class_list":{"0":"post-18749","1":"product","2":"type-product","3":"status-publish","4":"has-post-thumbnail","6":"product_cat-home","7":"product_cat-uncategorized","8":"product_cat-fun","10":"first","11":"instock","12":"sale","13":"shipping-taxable","14":"purchasable","15":"product-type-simple"},"acf":[],"_links":{"self":[{"href":"https:\/\/linoexpress.com\/ba\/wp-json\/wp\/v2\/product\/18749","targetHints":{"allow":["GET"]}}],"collection":[{"href":"https:\/\/linoexpress.com\/ba\/wp-json\/wp\/v2\/product"}],"about":[{"href":"https:\/\/linoexpress.com\/ba\/wp-json\/wp\/v2\/types\/product"}],"replies":[{"embeddable":true,"href":"https:\/\/linoexpress.com\/ba\/wp-json\/wp\/v2\/comments?post=18749"}],"wp:featuredmedia":[{"embeddable":true,"href":"https:\/\/linoexpress.com\/ba\/wp-json\/wp\/v2\/media\/18750"}],"wp:attachment":[{"href":"https:\/\/linoexpress.com\/ba\/wp-json\/wp\/v2\/media?parent=18749"}],"wp:term":[{"taxonomy":"product_brand","embeddable":true,"href":"https:\/\/linoexpress.com\/ba\/wp-json\/wp\/v2\/product_brand?post=18749"},{"taxonomy":"product_cat","embeddable":true,"href":"https:\/\/linoexpress.com\/ba\/wp-json\/wp\/v2\/product_cat?post=18749"},{"taxonomy":"product_tag","embeddable":true,"href":"https:\/\/linoexpress.com\/ba\/wp-json\/wp\/v2\/product_tag?post=18749"}],"curies":[{"name":"wp","href":"https:\/\/api.w.org\/{rel}","templated":true}]}}