{"id":18892,"date":"2026-03-24T15:04:08","date_gmt":"2026-03-24T14:04:08","guid":{"rendered":"https:\/\/linoexpress.com\/ba\/?post_type=product&#038;p=18892"},"modified":"2026-03-24T15:29:22","modified_gmt":"2026-03-24T14:29:22","slug":"22-gratis-grill-podloga-za-rostilj","status":"publish","type":"product","link":"https:\/\/linoexpress.com\/ba\/proizvod\/22-gratis-grill-podloga-za-rostilj\/","title":{"rendered":"2+2 GRATIS &#8211; Grill podloga za ro\u0161tilj"},"content":{"rendered":"","protected":false},"excerpt":{"rendered":"<p>Zadr\u017eite savr\u0161enu so\u010dnost i kvalitet mesa tokom ro\u0161tiljanja. Sa ovom jedinstvenom grill podlogom savr\u0161enom za sve vrste mesa, povr\u0107a pa \u010dak i jaja ili PIZZE u samo nekoliko minuta!<\/p>\n","protected":false},"featured_media":4775,"comment_status":"closed","ping_status":"closed","template":"","meta":{"inline_featured_image":false},"product_brand":[],"product_cat":[27,24,15],"product_tag":[],"class_list":{"0":"post-18892","1":"product","2":"type-product","3":"status-publish","4":"has-post-thumbnail","6":"product_cat-home","7":"product_cat-sale","8":"product_cat-uncategorized","10":"first","11":"instock","12":"sale","13":"shipping-taxable","14":"purchasable","15":"product-type-simple"},"acf":[],"_links":{"self":[{"href":"https:\/\/linoexpress.com\/ba\/wp-json\/wp\/v2\/product\/18892","targetHints":{"allow":["GET"]}}],"collection":[{"href":"https:\/\/linoexpress.com\/ba\/wp-json\/wp\/v2\/product"}],"about":[{"href":"https:\/\/linoexpress.com\/ba\/wp-json\/wp\/v2\/types\/product"}],"replies":[{"embeddable":true,"href":"https:\/\/linoexpress.com\/ba\/wp-json\/wp\/v2\/comments?post=18892"}],"wp:featuredmedia":[{"embeddable":true,"href":"https:\/\/linoexpress.com\/ba\/wp-json\/wp\/v2\/media\/4775"}],"wp:attachment":[{"href":"https:\/\/linoexpress.com\/ba\/wp-json\/wp\/v2\/media?parent=18892"}],"wp:term":[{"taxonomy":"product_brand","embeddable":true,"href":"https:\/\/linoexpress.com\/ba\/wp-json\/wp\/v2\/product_brand?post=18892"},{"taxonomy":"product_cat","embeddable":true,"href":"https:\/\/linoexpress.com\/ba\/wp-json\/wp\/v2\/product_cat?post=18892"},{"taxonomy":"product_tag","embeddable":true,"href":"https:\/\/linoexpress.com\/ba\/wp-json\/wp\/v2\/product_tag?post=18892"}],"curies":[{"name":"wp","href":"https:\/\/api.w.org\/{rel}","templated":true}]}}