{"id":18893,"date":"2026-03-24T15:27:18","date_gmt":"2026-03-24T14:27:18","guid":{"rendered":"https:\/\/linoexpress.com\/ba\/?post_type=product&#038;p=18893"},"modified":"2026-03-24T15:29:31","modified_gmt":"2026-03-24T14:29:31","slug":"11-gratis-spiralno-svrdlo-za-bastu-gardendrill","status":"publish","type":"product","link":"https:\/\/linoexpress.com\/ba\/proizvod\/11-gratis-spiralno-svrdlo-za-bastu-gardendrill\/","title":{"rendered":"1+1 GRATIS &#8211; Spiralno svrdlo za ba\u0161tu &#8211; GardenDrill"},"content":{"rendered":"<p>Univerzalni nastavak koji se lako postavlja na sve vrste ru\u010dnih bu\u0161ilica namenjen za fino kopanje rupa za sadnice ili prekopavanju ba\u0161te brzo i jednostavno u samo nekoliko sekundi!<\/p>\n","protected":false},"excerpt":{"rendered":"<div class=\"woocommerce-product-details__short-description\">\n<p>Univerzalni nastavak koji se lako postavlja na sve vrste ru\u010dnih bu\u0161ilica namenjen za fino kopanje rupa za sadnice ili prekopavanju ba\u0161te brzo i jednostavno u samo nekoliko sekundi!<\/p>\n<\/div>\n","protected":false},"featured_media":404,"comment_status":"closed","ping_status":"closed","template":"","meta":{"inline_featured_image":false},"product_brand":[],"product_cat":[27,15],"product_tag":[],"class_list":{"0":"post-18893","1":"product","2":"type-product","3":"status-publish","4":"has-post-thumbnail","6":"product_cat-home","7":"product_cat-uncategorized","9":"first","10":"instock","11":"sale","12":"shipping-taxable","13":"purchasable","14":"product-type-simple"},"acf":[],"_links":{"self":[{"href":"https:\/\/linoexpress.com\/ba\/wp-json\/wp\/v2\/product\/18893","targetHints":{"allow":["GET"]}}],"collection":[{"href":"https:\/\/linoexpress.com\/ba\/wp-json\/wp\/v2\/product"}],"about":[{"href":"https:\/\/linoexpress.com\/ba\/wp-json\/wp\/v2\/types\/product"}],"replies":[{"embeddable":true,"href":"https:\/\/linoexpress.com\/ba\/wp-json\/wp\/v2\/comments?post=18893"}],"wp:featuredmedia":[{"embeddable":true,"href":"https:\/\/linoexpress.com\/ba\/wp-json\/wp\/v2\/media\/404"}],"wp:attachment":[{"href":"https:\/\/linoexpress.com\/ba\/wp-json\/wp\/v2\/media?parent=18893"}],"wp:term":[{"taxonomy":"product_brand","embeddable":true,"href":"https:\/\/linoexpress.com\/ba\/wp-json\/wp\/v2\/product_brand?post=18893"},{"taxonomy":"product_cat","embeddable":true,"href":"https:\/\/linoexpress.com\/ba\/wp-json\/wp\/v2\/product_cat?post=18893"},{"taxonomy":"product_tag","embeddable":true,"href":"https:\/\/linoexpress.com\/ba\/wp-json\/wp\/v2\/product_tag?post=18893"}],"curies":[{"name":"wp","href":"https:\/\/api.w.org\/{rel}","templated":true}]}}