{"id":18895,"date":"2026-03-24T17:33:06","date_gmt":"2026-03-24T16:33:06","guid":{"rendered":"https:\/\/linoexpress.com\/ba\/?post_type=product&#038;p=18895"},"modified":"2026-03-24T17:38:55","modified_gmt":"2026-03-24T16:38:55","slug":"11-gratis-alat-za-brusenje-lanca-motorne-pile-sharpner","status":"publish","type":"product","link":"https:\/\/linoexpress.com\/ba\/proizvod\/11-gratis-alat-za-brusenje-lanca-motorne-pile-sharpner\/","title":{"rendered":"1+1 GRATIS &#8211; Alat za bru\u0161enje lanca motorne pile &#8211; Sharpner"},"content":{"rendered":"","protected":false},"excerpt":{"rendered":"<p>Mo\u0107ni alat koji \u0107e vam osigurati uvijek savr\u0161eno o\u0161tre lance motorne pile, potpuno univerzalan i prakti\u010dan upotpunite svoju kolekciju alata i u\u0161tedite vrijeme i novac jo\u0161 danas!<\/p>\n","protected":false},"featured_media":2793,"comment_status":"closed","ping_status":"closed","template":"","meta":{"inline_featured_image":false},"product_brand":[],"product_cat":[27,15],"product_tag":[],"class_list":{"0":"post-18895","1":"product","2":"type-product","3":"status-publish","4":"has-post-thumbnail","6":"product_cat-home","7":"product_cat-uncategorized","9":"first","10":"instock","11":"sale","12":"shipping-taxable","13":"purchasable","14":"product-type-simple"},"acf":[],"_links":{"self":[{"href":"https:\/\/linoexpress.com\/ba\/wp-json\/wp\/v2\/product\/18895","targetHints":{"allow":["GET"]}}],"collection":[{"href":"https:\/\/linoexpress.com\/ba\/wp-json\/wp\/v2\/product"}],"about":[{"href":"https:\/\/linoexpress.com\/ba\/wp-json\/wp\/v2\/types\/product"}],"replies":[{"embeddable":true,"href":"https:\/\/linoexpress.com\/ba\/wp-json\/wp\/v2\/comments?post=18895"}],"wp:featuredmedia":[{"embeddable":true,"href":"https:\/\/linoexpress.com\/ba\/wp-json\/wp\/v2\/media\/2793"}],"wp:attachment":[{"href":"https:\/\/linoexpress.com\/ba\/wp-json\/wp\/v2\/media?parent=18895"}],"wp:term":[{"taxonomy":"product_brand","embeddable":true,"href":"https:\/\/linoexpress.com\/ba\/wp-json\/wp\/v2\/product_brand?post=18895"},{"taxonomy":"product_cat","embeddable":true,"href":"https:\/\/linoexpress.com\/ba\/wp-json\/wp\/v2\/product_cat?post=18895"},{"taxonomy":"product_tag","embeddable":true,"href":"https:\/\/linoexpress.com\/ba\/wp-json\/wp\/v2\/product_tag?post=18895"}],"curies":[{"name":"wp","href":"https:\/\/api.w.org\/{rel}","templated":true}]}}