{"id":18896,"date":"2026-03-24T17:41:57","date_gmt":"2026-03-24T16:41:57","guid":{"rendered":"https:\/\/linoexpress.com\/ba\/?post_type=product&#038;p=18896"},"modified":"2026-03-24T17:58:54","modified_gmt":"2026-03-24T16:58:54","slug":"11-gratis-pirograf-za-drvo-creativepen","status":"publish","type":"product","link":"https:\/\/linoexpress.com\/ba\/proizvod\/11-gratis-pirograf-za-drvo-creativepen\/","title":{"rendered":"1+1 GRATIS &#8211; Pirograf za drvo &#8211; CreativePen"},"content":{"rendered":"<p>Ukoliko ste ma\u0161toviti i kreativni i volite pirografsko iscrtavanje drveta koje je zaludilo svijet sa ovim super kompletom omogu\u0107i\u0107e vam da ovo bude jo\u0161 dodatno super zanimljivo!<\/p>\n","protected":false},"excerpt":{"rendered":"<div class=\"woocommerce-product-details__short-description\">\n<p>Ukoliko ste ma\u0161toviti i kreativni i volite pirografsko iscrtavanje drveta koje je zaludilo svet sa ovim super kompletom omogu\u0107i\u0107e vam da ovo bude jo\u0161 dodatno super zanimljivo!<\/p>\n<\/div>\n","protected":false},"featured_media":387,"comment_status":"closed","ping_status":"closed","template":"","meta":{"inline_featured_image":false},"product_brand":[],"product_cat":[27,15,35],"product_tag":[],"class_list":{"0":"post-18896","1":"product","2":"type-product","3":"status-publish","4":"has-post-thumbnail","6":"product_cat-home","7":"product_cat-uncategorized","8":"product_cat-fun","10":"first","11":"instock","12":"sale","13":"shipping-taxable","14":"purchasable","15":"product-type-simple"},"acf":[],"_links":{"self":[{"href":"https:\/\/linoexpress.com\/ba\/wp-json\/wp\/v2\/product\/18896","targetHints":{"allow":["GET"]}}],"collection":[{"href":"https:\/\/linoexpress.com\/ba\/wp-json\/wp\/v2\/product"}],"about":[{"href":"https:\/\/linoexpress.com\/ba\/wp-json\/wp\/v2\/types\/product"}],"replies":[{"embeddable":true,"href":"https:\/\/linoexpress.com\/ba\/wp-json\/wp\/v2\/comments?post=18896"}],"wp:featuredmedia":[{"embeddable":true,"href":"https:\/\/linoexpress.com\/ba\/wp-json\/wp\/v2\/media\/387"}],"wp:attachment":[{"href":"https:\/\/linoexpress.com\/ba\/wp-json\/wp\/v2\/media?parent=18896"}],"wp:term":[{"taxonomy":"product_brand","embeddable":true,"href":"https:\/\/linoexpress.com\/ba\/wp-json\/wp\/v2\/product_brand?post=18896"},{"taxonomy":"product_cat","embeddable":true,"href":"https:\/\/linoexpress.com\/ba\/wp-json\/wp\/v2\/product_cat?post=18896"},{"taxonomy":"product_tag","embeddable":true,"href":"https:\/\/linoexpress.com\/ba\/wp-json\/wp\/v2\/product_tag?post=18896"}],"curies":[{"name":"wp","href":"https:\/\/api.w.org\/{rel}","templated":true}]}}