{"id":18900,"date":"2026-03-24T18:09:38","date_gmt":"2026-03-24T17:09:38","guid":{"rendered":"https:\/\/linoexpress.com\/ba\/?post_type=product&#038;p=18900"},"modified":"2026-03-24T18:16:48","modified_gmt":"2026-03-24T17:16:48","slug":"11-gratis-flaster-protiv-gljivica-i-urastanja-nokta-toenailcorrector-30-komada","status":"publish","type":"product","link":"https:\/\/linoexpress.com\/ba\/proizvod\/11-gratis-flaster-protiv-gljivica-i-urastanja-nokta-toenailcorrector-30-komada\/","title":{"rendered":"1+1 GRATIS &#8211; Flaster protiv gljivica i urastanja nokta &#8211; ToenailCorrector (30 Komada)"},"content":{"rendered":"","protected":false},"excerpt":{"rendered":"<p>Savr\u0161en proizvod\u00a0 u vidu flastera sa kojim \u0107ete opet da imate lijepe i zdrave nokte i koji \u0107e vas rije\u0161iti bolnog urastanja nokta kao i ukloniti i sprije\u010diti nastanak gljivica potpuno sigurno i jednostavno.<\/p>\n","protected":false},"featured_media":558,"comment_status":"closed","ping_status":"closed","template":"","meta":{"inline_featured_image":false},"product_brand":[],"product_cat":[15,26],"product_tag":[],"class_list":{"0":"post-18900","1":"product","2":"type-product","3":"status-publish","4":"has-post-thumbnail","6":"product_cat-uncategorized","7":"product_cat-health","9":"first","10":"instock","11":"sale","12":"shipping-taxable","13":"purchasable","14":"product-type-simple"},"acf":[],"_links":{"self":[{"href":"https:\/\/linoexpress.com\/ba\/wp-json\/wp\/v2\/product\/18900","targetHints":{"allow":["GET"]}}],"collection":[{"href":"https:\/\/linoexpress.com\/ba\/wp-json\/wp\/v2\/product"}],"about":[{"href":"https:\/\/linoexpress.com\/ba\/wp-json\/wp\/v2\/types\/product"}],"replies":[{"embeddable":true,"href":"https:\/\/linoexpress.com\/ba\/wp-json\/wp\/v2\/comments?post=18900"}],"wp:featuredmedia":[{"embeddable":true,"href":"https:\/\/linoexpress.com\/ba\/wp-json\/wp\/v2\/media\/558"}],"wp:attachment":[{"href":"https:\/\/linoexpress.com\/ba\/wp-json\/wp\/v2\/media?parent=18900"}],"wp:term":[{"taxonomy":"product_brand","embeddable":true,"href":"https:\/\/linoexpress.com\/ba\/wp-json\/wp\/v2\/product_brand?post=18900"},{"taxonomy":"product_cat","embeddable":true,"href":"https:\/\/linoexpress.com\/ba\/wp-json\/wp\/v2\/product_cat?post=18900"},{"taxonomy":"product_tag","embeddable":true,"href":"https:\/\/linoexpress.com\/ba\/wp-json\/wp\/v2\/product_tag?post=18900"}],"curies":[{"name":"wp","href":"https:\/\/api.w.org\/{rel}","templated":true}]}}