{"id":18906,"date":"2026-03-24T18:53:22","date_gmt":"2026-03-24T17:53:22","guid":{"rendered":"https:\/\/linoexpress.com\/ba\/?post_type=product&#038;p=18906"},"modified":"2026-03-24T18:57:19","modified_gmt":"2026-03-24T17:57:19","slug":"11-gratis-zamka-za-miseve-trapflip","status":"publish","type":"product","link":"https:\/\/linoexpress.com\/ba\/proizvod\/11-gratis-zamka-za-miseve-trapflip\/","title":{"rendered":"1+1 GRATIS &#8211; Zamka za mi\u0161eve &#8211; TrapFlip"},"content":{"rendered":"","protected":false},"excerpt":{"rendered":"<p>TrapFlip najbezbolnija i najhumanija zamka za sve vrste glodara sa kojom \u0107ete da zaboravite na nered i staromodni na\u010din hvatanja i ubijanja ovih \u0161teto\u010dina uz maksimalnu u\u010dinkovitost i efikasnost.<\/p>\n","protected":false},"featured_media":9245,"comment_status":"closed","ping_status":"closed","template":"","meta":{"inline_featured_image":false},"product_brand":[],"product_cat":[27,15],"product_tag":[],"class_list":{"0":"post-18906","1":"product","2":"type-product","3":"status-publish","4":"has-post-thumbnail","6":"product_cat-home","7":"product_cat-uncategorized","9":"first","10":"instock","11":"sale","12":"shipping-taxable","13":"purchasable","14":"product-type-simple"},"acf":[],"_links":{"self":[{"href":"https:\/\/linoexpress.com\/ba\/wp-json\/wp\/v2\/product\/18906","targetHints":{"allow":["GET"]}}],"collection":[{"href":"https:\/\/linoexpress.com\/ba\/wp-json\/wp\/v2\/product"}],"about":[{"href":"https:\/\/linoexpress.com\/ba\/wp-json\/wp\/v2\/types\/product"}],"replies":[{"embeddable":true,"href":"https:\/\/linoexpress.com\/ba\/wp-json\/wp\/v2\/comments?post=18906"}],"wp:featuredmedia":[{"embeddable":true,"href":"https:\/\/linoexpress.com\/ba\/wp-json\/wp\/v2\/media\/9245"}],"wp:attachment":[{"href":"https:\/\/linoexpress.com\/ba\/wp-json\/wp\/v2\/media?parent=18906"}],"wp:term":[{"taxonomy":"product_brand","embeddable":true,"href":"https:\/\/linoexpress.com\/ba\/wp-json\/wp\/v2\/product_brand?post=18906"},{"taxonomy":"product_cat","embeddable":true,"href":"https:\/\/linoexpress.com\/ba\/wp-json\/wp\/v2\/product_cat?post=18906"},{"taxonomy":"product_tag","embeddable":true,"href":"https:\/\/linoexpress.com\/ba\/wp-json\/wp\/v2\/product_tag?post=18906"}],"curies":[{"name":"wp","href":"https:\/\/api.w.org\/{rel}","templated":true}]}}