{"id":18909,"date":"2026-03-24T19:07:59","date_gmt":"2026-03-24T18:07:59","guid":{"rendered":"https:\/\/linoexpress.com\/ba\/?post_type=product&#038;p=18909"},"modified":"2026-03-24T19:09:54","modified_gmt":"2026-03-24T18:09:54","slug":"11-gratis-led-svjetlosna-dekoracija-na-daljinsko-upravljanje-ledflash-2","status":"publish","type":"product","link":"https:\/\/linoexpress.com\/ba\/proizvod\/11-gratis-led-svjetlosna-dekoracija-na-daljinsko-upravljanje-ledflash-2\/","title":{"rendered":"1+1 GRATIS &#8211; Led svjetlosna dekoracija na daljinsko upravljanje &#8211; Ledflash"},"content":{"rendered":"","protected":false},"excerpt":{"rendered":"<p>Savr\u0161ena dekorativna led svjetla na daljinsko upravljanje putem pametnih telefona napravi\u0107e savr\u0161enu atmosferu u doba praznika, Nove godine i Bo\u017ei\u0107a, kvalitetna sa efefktom raznobojnih varijacija stvaraju nesvakida\u0161nju atmosferu i ugo\u0111aj.<\/p>\n","protected":false},"featured_media":11629,"comment_status":"closed","ping_status":"closed","template":"","meta":{"inline_featured_image":false},"product_brand":[],"product_cat":[15,35],"product_tag":[],"class_list":{"0":"post-18909","1":"product","2":"type-product","3":"status-publish","4":"has-post-thumbnail","6":"product_cat-uncategorized","7":"product_cat-fun","9":"first","10":"instock","11":"sale","12":"shipping-taxable","13":"purchasable","14":"product-type-simple"},"acf":[],"_links":{"self":[{"href":"https:\/\/linoexpress.com\/ba\/wp-json\/wp\/v2\/product\/18909","targetHints":{"allow":["GET"]}}],"collection":[{"href":"https:\/\/linoexpress.com\/ba\/wp-json\/wp\/v2\/product"}],"about":[{"href":"https:\/\/linoexpress.com\/ba\/wp-json\/wp\/v2\/types\/product"}],"replies":[{"embeddable":true,"href":"https:\/\/linoexpress.com\/ba\/wp-json\/wp\/v2\/comments?post=18909"}],"wp:featuredmedia":[{"embeddable":true,"href":"https:\/\/linoexpress.com\/ba\/wp-json\/wp\/v2\/media\/11629"}],"wp:attachment":[{"href":"https:\/\/linoexpress.com\/ba\/wp-json\/wp\/v2\/media?parent=18909"}],"wp:term":[{"taxonomy":"product_brand","embeddable":true,"href":"https:\/\/linoexpress.com\/ba\/wp-json\/wp\/v2\/product_brand?post=18909"},{"taxonomy":"product_cat","embeddable":true,"href":"https:\/\/linoexpress.com\/ba\/wp-json\/wp\/v2\/product_cat?post=18909"},{"taxonomy":"product_tag","embeddable":true,"href":"https:\/\/linoexpress.com\/ba\/wp-json\/wp\/v2\/product_tag?post=18909"}],"curies":[{"name":"wp","href":"https:\/\/api.w.org\/{rel}","templated":true}]}}