{"id":18910,"date":"2026-03-24T23:50:04","date_gmt":"2026-03-24T22:50:04","guid":{"rendered":"https:\/\/linoexpress.com\/ba\/?post_type=product&#038;p=18910"},"modified":"2026-03-24T23:51:59","modified_gmt":"2026-03-24T22:51:59","slug":"11-gratis-neklizajuca-multifunkcionalna-podloga-za-telefon-cartrio","status":"publish","type":"product","link":"https:\/\/linoexpress.com\/ba\/proizvod\/11-gratis-neklizajuca-multifunkcionalna-podloga-za-telefon-cartrio\/","title":{"rendered":"1+1 GRATIS &#8211; Neklizajuc\u0301a multifunkcionalna podloga za telefon- Cartrio"},"content":{"rendered":"","protected":false},"excerpt":{"rendered":"<p>Multifunkcionalna neklizaju\u0107a podloga koja se stavlja na tablu u automobilu sa ugra\u0111enim dr\u017ea\u010dem za telefon i aromaterapijom za svaku vrstu vozila.<\/p>\n","protected":false},"featured_media":6588,"comment_status":"closed","ping_status":"closed","template":"","meta":{"inline_featured_image":false},"product_brand":[],"product_cat":[25,27,15],"product_tag":[],"class_list":{"0":"post-18910","1":"product","2":"type-product","3":"status-publish","4":"has-post-thumbnail","6":"product_cat-car","7":"product_cat-home","8":"product_cat-uncategorized","10":"first","11":"instock","12":"sale","13":"shipping-taxable","14":"purchasable","15":"product-type-simple"},"acf":[],"_links":{"self":[{"href":"https:\/\/linoexpress.com\/ba\/wp-json\/wp\/v2\/product\/18910","targetHints":{"allow":["GET"]}}],"collection":[{"href":"https:\/\/linoexpress.com\/ba\/wp-json\/wp\/v2\/product"}],"about":[{"href":"https:\/\/linoexpress.com\/ba\/wp-json\/wp\/v2\/types\/product"}],"replies":[{"embeddable":true,"href":"https:\/\/linoexpress.com\/ba\/wp-json\/wp\/v2\/comments?post=18910"}],"wp:featuredmedia":[{"embeddable":true,"href":"https:\/\/linoexpress.com\/ba\/wp-json\/wp\/v2\/media\/6588"}],"wp:attachment":[{"href":"https:\/\/linoexpress.com\/ba\/wp-json\/wp\/v2\/media?parent=18910"}],"wp:term":[{"taxonomy":"product_brand","embeddable":true,"href":"https:\/\/linoexpress.com\/ba\/wp-json\/wp\/v2\/product_brand?post=18910"},{"taxonomy":"product_cat","embeddable":true,"href":"https:\/\/linoexpress.com\/ba\/wp-json\/wp\/v2\/product_cat?post=18910"},{"taxonomy":"product_tag","embeddable":true,"href":"https:\/\/linoexpress.com\/ba\/wp-json\/wp\/v2\/product_tag?post=18910"}],"curies":[{"name":"wp","href":"https:\/\/api.w.org\/{rel}","templated":true}]}}