{"id":18913,"date":"2026-03-25T00:19:27","date_gmt":"2026-03-24T23:19:27","guid":{"rendered":"https:\/\/linoexpress.com\/ba\/?post_type=product&#038;p=18913"},"modified":"2026-03-25T00:33:03","modified_gmt":"2026-03-24T23:33:03","slug":"11-gratis-4-u-1-rucni-elektricni-set-za-rezanje-povrca","status":"publish","type":"product","link":"https:\/\/linoexpress.com\/ba\/proizvod\/11-gratis-4-u-1-rucni-elektricni-set-za-rezanje-povrca\/","title":{"rendered":"1+1 GRATIS &#8211; 4 u 1 ru\u010dni elektri\u010dni set za rezanje povr\u0107a"},"content":{"rendered":"","protected":false},"excerpt":{"rendered":"<p>Multifunkcionalni 4 u 1 set za rezanje vo\u0107a , povr\u0107a, elektri\u010dna \u010detka ili ma\u0161ina za mljevenje mesa. Sa samo jednim proizvodom mo\u017eete da radite na vi\u0161e razli\u010ditih na\u010dina.<\/p>\n","protected":false},"featured_media":6931,"comment_status":"closed","ping_status":"closed","template":"","meta":{"inline_featured_image":false},"product_brand":[],"product_cat":[27,15],"product_tag":[],"class_list":{"0":"post-18913","1":"product","2":"type-product","3":"status-publish","4":"has-post-thumbnail","6":"product_cat-home","7":"product_cat-uncategorized","9":"first","10":"instock","11":"sale","12":"shipping-taxable","13":"purchasable","14":"product-type-simple"},"acf":[],"_links":{"self":[{"href":"https:\/\/linoexpress.com\/ba\/wp-json\/wp\/v2\/product\/18913","targetHints":{"allow":["GET"]}}],"collection":[{"href":"https:\/\/linoexpress.com\/ba\/wp-json\/wp\/v2\/product"}],"about":[{"href":"https:\/\/linoexpress.com\/ba\/wp-json\/wp\/v2\/types\/product"}],"replies":[{"embeddable":true,"href":"https:\/\/linoexpress.com\/ba\/wp-json\/wp\/v2\/comments?post=18913"}],"wp:featuredmedia":[{"embeddable":true,"href":"https:\/\/linoexpress.com\/ba\/wp-json\/wp\/v2\/media\/6931"}],"wp:attachment":[{"href":"https:\/\/linoexpress.com\/ba\/wp-json\/wp\/v2\/media?parent=18913"}],"wp:term":[{"taxonomy":"product_brand","embeddable":true,"href":"https:\/\/linoexpress.com\/ba\/wp-json\/wp\/v2\/product_brand?post=18913"},{"taxonomy":"product_cat","embeddable":true,"href":"https:\/\/linoexpress.com\/ba\/wp-json\/wp\/v2\/product_cat?post=18913"},{"taxonomy":"product_tag","embeddable":true,"href":"https:\/\/linoexpress.com\/ba\/wp-json\/wp\/v2\/product_tag?post=18913"}],"curies":[{"name":"wp","href":"https:\/\/api.w.org\/{rel}","templated":true}]}}