{"id":18917,"date":"2026-03-25T00:34:08","date_gmt":"2026-03-24T23:34:08","guid":{"rendered":"https:\/\/linoexpress.com\/ba\/?post_type=product&#038;p=18917"},"modified":"2026-03-25T00:37:04","modified_gmt":"2026-03-24T23:37:04","slug":"11-gratis-visenamjenski-termotransfer-papir-10kom","status":"publish","type":"product","link":"https:\/\/linoexpress.com\/ba\/proizvod\/11-gratis-visenamjenski-termotransfer-papir-10kom\/","title":{"rendered":"1+1 GRATIS &#8211; Vi\u0161enamjenski termotransfer papir 10kom"},"content":{"rendered":"","protected":false},"excerpt":{"rendered":"<p>Napravite sebi brendiranu garderobu ili dres, mo\u017eete staviti omiljene fotografije na odje\u0107u u samo nekoliko sekundi, kombinacija ima mnogo, sve zavisi od Va\u0161e ma\u0161te, napravite apsolutno unikatne majice!<\/p>\n","protected":false},"featured_media":7004,"comment_status":"closed","ping_status":"closed","template":"","meta":{"inline_featured_image":false},"product_brand":[],"product_cat":[15,35],"product_tag":[],"class_list":{"0":"post-18917","1":"product","2":"type-product","3":"status-publish","4":"has-post-thumbnail","6":"product_cat-uncategorized","7":"product_cat-fun","9":"first","10":"instock","11":"sale","12":"shipping-taxable","13":"purchasable","14":"product-type-simple"},"acf":[],"_links":{"self":[{"href":"https:\/\/linoexpress.com\/ba\/wp-json\/wp\/v2\/product\/18917","targetHints":{"allow":["GET"]}}],"collection":[{"href":"https:\/\/linoexpress.com\/ba\/wp-json\/wp\/v2\/product"}],"about":[{"href":"https:\/\/linoexpress.com\/ba\/wp-json\/wp\/v2\/types\/product"}],"replies":[{"embeddable":true,"href":"https:\/\/linoexpress.com\/ba\/wp-json\/wp\/v2\/comments?post=18917"}],"wp:featuredmedia":[{"embeddable":true,"href":"https:\/\/linoexpress.com\/ba\/wp-json\/wp\/v2\/media\/7004"}],"wp:attachment":[{"href":"https:\/\/linoexpress.com\/ba\/wp-json\/wp\/v2\/media?parent=18917"}],"wp:term":[{"taxonomy":"product_brand","embeddable":true,"href":"https:\/\/linoexpress.com\/ba\/wp-json\/wp\/v2\/product_brand?post=18917"},{"taxonomy":"product_cat","embeddable":true,"href":"https:\/\/linoexpress.com\/ba\/wp-json\/wp\/v2\/product_cat?post=18917"},{"taxonomy":"product_tag","embeddable":true,"href":"https:\/\/linoexpress.com\/ba\/wp-json\/wp\/v2\/product_tag?post=18917"}],"curies":[{"name":"wp","href":"https:\/\/api.w.org\/{rel}","templated":true}]}}