{"id":18919,"date":"2026-03-25T00:39:52","date_gmt":"2026-03-24T23:39:52","guid":{"rendered":"https:\/\/linoexpress.com\/ba\/?post_type=product&#038;p=18919"},"modified":"2026-03-25T00:44:35","modified_gmt":"2026-03-24T23:44:35","slug":"11-gratis-visenamjenski-instant-ljepak","status":"publish","type":"product","link":"https:\/\/linoexpress.com\/ba\/proizvod\/11-gratis-visenamjenski-instant-ljepak\/","title":{"rendered":"1+1 GRATIS &#8211; Vi\u0161enamjenski instant ljepak"},"content":{"rendered":"","protected":false},"excerpt":{"rendered":"<p>Vodootporno vi\u0161enamjensko instant ljepilo koji \u0107e vam u trenutku omogu\u0107iti popravku raznih te\u0161ko prijanjaju\u0107ih povr\u0161ina. Potpuno univerzlano sa efektom stvaranja nevidljive i fleksibilne mase za razli\u010dite vrste materijala.<\/p>\n","protected":false},"featured_media":7042,"comment_status":"closed","ping_status":"closed","template":"","meta":{"inline_featured_image":false},"product_brand":[],"product_cat":[25,27,15],"product_tag":[],"class_list":{"0":"post-18919","1":"product","2":"type-product","3":"status-publish","4":"has-post-thumbnail","6":"product_cat-car","7":"product_cat-home","8":"product_cat-uncategorized","10":"first","11":"instock","12":"sale","13":"shipping-taxable","14":"purchasable","15":"product-type-simple"},"acf":[],"_links":{"self":[{"href":"https:\/\/linoexpress.com\/ba\/wp-json\/wp\/v2\/product\/18919","targetHints":{"allow":["GET"]}}],"collection":[{"href":"https:\/\/linoexpress.com\/ba\/wp-json\/wp\/v2\/product"}],"about":[{"href":"https:\/\/linoexpress.com\/ba\/wp-json\/wp\/v2\/types\/product"}],"replies":[{"embeddable":true,"href":"https:\/\/linoexpress.com\/ba\/wp-json\/wp\/v2\/comments?post=18919"}],"wp:featuredmedia":[{"embeddable":true,"href":"https:\/\/linoexpress.com\/ba\/wp-json\/wp\/v2\/media\/7042"}],"wp:attachment":[{"href":"https:\/\/linoexpress.com\/ba\/wp-json\/wp\/v2\/media?parent=18919"}],"wp:term":[{"taxonomy":"product_brand","embeddable":true,"href":"https:\/\/linoexpress.com\/ba\/wp-json\/wp\/v2\/product_brand?post=18919"},{"taxonomy":"product_cat","embeddable":true,"href":"https:\/\/linoexpress.com\/ba\/wp-json\/wp\/v2\/product_cat?post=18919"},{"taxonomy":"product_tag","embeddable":true,"href":"https:\/\/linoexpress.com\/ba\/wp-json\/wp\/v2\/product_tag?post=18919"}],"curies":[{"name":"wp","href":"https:\/\/api.w.org\/{rel}","templated":true}]}}