{"id":18922,"date":"2026-03-25T00:46:38","date_gmt":"2026-03-24T23:46:38","guid":{"rendered":"https:\/\/linoexpress.com\/ba\/?post_type=product&#038;p=18922"},"modified":"2026-03-25T00:47:49","modified_gmt":"2026-03-24T23:47:49","slug":"11-gratis-gel-za-ciscenje-i-izbjeljivanje-obuce","status":"publish","type":"product","link":"https:\/\/linoexpress.com\/ba\/proizvod\/11-gratis-gel-za-ciscenje-i-izbjeljivanje-obuce\/","title":{"rendered":"1+1 GRATIS &#8211; Gel za \u010di\u0161\u0107enje i izbjeljivanje obu\u0107e"},"content":{"rendered":"","protected":false},"excerpt":{"rendered":"<p>Otklonite ne\u0107isto\u0107e i \u017eute fleke od stajanja sa ovim fenomenalnim gelom za izbjeljivanje i \u010di\u0161\u0107enje!<\/p>\n","protected":false},"featured_media":7028,"comment_status":"closed","ping_status":"closed","template":"","meta":{"inline_featured_image":false},"product_brand":[],"product_cat":[27,28,15],"product_tag":[],"class_list":{"0":"post-18922","1":"product","2":"type-product","3":"status-publish","4":"has-post-thumbnail","6":"product_cat-home","7":"product_cat-beauty","8":"product_cat-uncategorized","10":"first","11":"instock","12":"sale","13":"shipping-taxable","14":"purchasable","15":"product-type-simple"},"acf":[],"_links":{"self":[{"href":"https:\/\/linoexpress.com\/ba\/wp-json\/wp\/v2\/product\/18922","targetHints":{"allow":["GET"]}}],"collection":[{"href":"https:\/\/linoexpress.com\/ba\/wp-json\/wp\/v2\/product"}],"about":[{"href":"https:\/\/linoexpress.com\/ba\/wp-json\/wp\/v2\/types\/product"}],"replies":[{"embeddable":true,"href":"https:\/\/linoexpress.com\/ba\/wp-json\/wp\/v2\/comments?post=18922"}],"wp:featuredmedia":[{"embeddable":true,"href":"https:\/\/linoexpress.com\/ba\/wp-json\/wp\/v2\/media\/7028"}],"wp:attachment":[{"href":"https:\/\/linoexpress.com\/ba\/wp-json\/wp\/v2\/media?parent=18922"}],"wp:term":[{"taxonomy":"product_brand","embeddable":true,"href":"https:\/\/linoexpress.com\/ba\/wp-json\/wp\/v2\/product_brand?post=18922"},{"taxonomy":"product_cat","embeddable":true,"href":"https:\/\/linoexpress.com\/ba\/wp-json\/wp\/v2\/product_cat?post=18922"},{"taxonomy":"product_tag","embeddable":true,"href":"https:\/\/linoexpress.com\/ba\/wp-json\/wp\/v2\/product_tag?post=18922"}],"curies":[{"name":"wp","href":"https:\/\/api.w.org\/{rel}","templated":true}]}}