{"id":18924,"date":"2026-03-25T00:50:28","date_gmt":"2026-03-24T23:50:28","guid":{"rendered":"https:\/\/linoexpress.com\/ba\/?post_type=product&#038;p=18924"},"modified":"2026-03-25T00:52:03","modified_gmt":"2026-03-24T23:52:03","slug":"11-gratis-magicni-lcd-tablet-za-crtanje","status":"publish","type":"product","link":"https:\/\/linoexpress.com\/ba\/proizvod\/11-gratis-magicni-lcd-tablet-za-crtanje\/","title":{"rendered":"1+1 GRATIS &#8211; Magi\u010dni LCD tablet za crtanje"},"content":{"rendered":"","protected":false},"excerpt":{"rendered":"<p>Magi\u010dni tablet za crtanje razvi\u0107e kreativnost djece i pritom im pru\u017eiti mnogo zadovoljstva. Ovo je idealno razvojno i edukativno sredstvo za djecu svih uzrasta, u zabavnoj i kreativnoj igrici.<\/p>\n","protected":false},"featured_media":7139,"comment_status":"closed","ping_status":"closed","template":"","meta":{"inline_featured_image":false},"product_brand":[],"product_cat":[15,35],"product_tag":[],"class_list":{"0":"post-18924","1":"product","2":"type-product","3":"status-publish","4":"has-post-thumbnail","6":"product_cat-uncategorized","7":"product_cat-fun","9":"first","10":"instock","11":"sale","12":"shipping-taxable","13":"purchasable","14":"product-type-simple"},"acf":[],"_links":{"self":[{"href":"https:\/\/linoexpress.com\/ba\/wp-json\/wp\/v2\/product\/18924","targetHints":{"allow":["GET"]}}],"collection":[{"href":"https:\/\/linoexpress.com\/ba\/wp-json\/wp\/v2\/product"}],"about":[{"href":"https:\/\/linoexpress.com\/ba\/wp-json\/wp\/v2\/types\/product"}],"replies":[{"embeddable":true,"href":"https:\/\/linoexpress.com\/ba\/wp-json\/wp\/v2\/comments?post=18924"}],"wp:featuredmedia":[{"embeddable":true,"href":"https:\/\/linoexpress.com\/ba\/wp-json\/wp\/v2\/media\/7139"}],"wp:attachment":[{"href":"https:\/\/linoexpress.com\/ba\/wp-json\/wp\/v2\/media?parent=18924"}],"wp:term":[{"taxonomy":"product_brand","embeddable":true,"href":"https:\/\/linoexpress.com\/ba\/wp-json\/wp\/v2\/product_brand?post=18924"},{"taxonomy":"product_cat","embeddable":true,"href":"https:\/\/linoexpress.com\/ba\/wp-json\/wp\/v2\/product_cat?post=18924"},{"taxonomy":"product_tag","embeddable":true,"href":"https:\/\/linoexpress.com\/ba\/wp-json\/wp\/v2\/product_tag?post=18924"}],"curies":[{"name":"wp","href":"https:\/\/api.w.org\/{rel}","templated":true}]}}