{"id":18932,"date":"2026-03-25T01:10:17","date_gmt":"2026-03-25T00:10:17","guid":{"rendered":"https:\/\/linoexpress.com\/ba\/?post_type=product&#038;p=18932"},"modified":"2026-03-25T01:16:53","modified_gmt":"2026-03-25T00:16:53","slug":"11-gratis-topla-obuca-za-bebe-i-djecu","status":"publish","type":"product","link":"https:\/\/linoexpress.com\/ba\/proizvod\/11-gratis-topla-obuca-za-bebe-i-djecu\/","title":{"rendered":"1+1 GRATIS &#8211; Topla obu\u0107a za bebe i djecu"},"content":{"rendered":"","protected":false},"excerpt":{"rendered":"<p>Ugodna i mekana obu\u0107a za bebe i djecu pru\u017ei\u0107e maksimalnu udobnost i toplinu malim nogicama. Vrhunski materijali i prelijep izgled upotpuni\u0107e svaku kombinaciju.<\/p>\n","protected":false},"featured_media":10323,"comment_status":"closed","ping_status":"closed","template":"","meta":{"inline_featured_image":false},"product_brand":[],"product_cat":[28,15,26],"product_tag":[],"class_list":{"0":"post-18932","1":"product","2":"type-product","3":"status-publish","4":"has-post-thumbnail","6":"product_cat-beauty","7":"product_cat-uncategorized","8":"product_cat-health","10":"first","11":"instock","12":"sale","13":"shipping-taxable","14":"purchasable","15":"product-type-simple"},"acf":[],"_links":{"self":[{"href":"https:\/\/linoexpress.com\/ba\/wp-json\/wp\/v2\/product\/18932","targetHints":{"allow":["GET"]}}],"collection":[{"href":"https:\/\/linoexpress.com\/ba\/wp-json\/wp\/v2\/product"}],"about":[{"href":"https:\/\/linoexpress.com\/ba\/wp-json\/wp\/v2\/types\/product"}],"replies":[{"embeddable":true,"href":"https:\/\/linoexpress.com\/ba\/wp-json\/wp\/v2\/comments?post=18932"}],"wp:featuredmedia":[{"embeddable":true,"href":"https:\/\/linoexpress.com\/ba\/wp-json\/wp\/v2\/media\/10323"}],"wp:attachment":[{"href":"https:\/\/linoexpress.com\/ba\/wp-json\/wp\/v2\/media?parent=18932"}],"wp:term":[{"taxonomy":"product_brand","embeddable":true,"href":"https:\/\/linoexpress.com\/ba\/wp-json\/wp\/v2\/product_brand?post=18932"},{"taxonomy":"product_cat","embeddable":true,"href":"https:\/\/linoexpress.com\/ba\/wp-json\/wp\/v2\/product_cat?post=18932"},{"taxonomy":"product_tag","embeddable":true,"href":"https:\/\/linoexpress.com\/ba\/wp-json\/wp\/v2\/product_tag?post=18932"}],"curies":[{"name":"wp","href":"https:\/\/api.w.org\/{rel}","templated":true}]}}