{"id":18934,"date":"2026-03-25T01:17:36","date_gmt":"2026-03-25T00:17:36","guid":{"rendered":"https:\/\/linoexpress.com\/ba\/?post_type=product&#038;p=18934"},"modified":"2026-03-25T01:23:46","modified_gmt":"2026-03-25T00:23:46","slug":"11-gratis-rasprsivac-vode-sa-sistemom-za-zamagljivanje-masina-za-rezanje","status":"publish","type":"product","link":"https:\/\/linoexpress.com\/ba\/proizvod\/11-gratis-rasprsivac-vode-sa-sistemom-za-zamagljivanje-masina-za-rezanje\/","title":{"rendered":"1+1 GRATIS &#8211; Raspr\u0161iva\u010d vode sa sistemom za zamagljivanje ma\u0161ina za rezanje"},"content":{"rendered":"","protected":false},"excerpt":{"rendered":"<p>Br\u017ee, efikasnije i urednije re\u017eite sa ovim alatom. Odli\u010dan nastavak koji \u0107e da vam pomogne da budete optimalni u radu.<\/p>\n","protected":false},"featured_media":12556,"comment_status":"closed","ping_status":"closed","template":"","meta":{"inline_featured_image":false},"product_brand":[],"product_cat":[27,15],"product_tag":[],"class_list":{"0":"post-18934","1":"product","2":"type-product","3":"status-publish","4":"has-post-thumbnail","6":"product_cat-home","7":"product_cat-uncategorized","9":"first","10":"instock","11":"sale","12":"shipping-taxable","13":"purchasable","14":"product-type-simple"},"acf":[],"_links":{"self":[{"href":"https:\/\/linoexpress.com\/ba\/wp-json\/wp\/v2\/product\/18934","targetHints":{"allow":["GET"]}}],"collection":[{"href":"https:\/\/linoexpress.com\/ba\/wp-json\/wp\/v2\/product"}],"about":[{"href":"https:\/\/linoexpress.com\/ba\/wp-json\/wp\/v2\/types\/product"}],"replies":[{"embeddable":true,"href":"https:\/\/linoexpress.com\/ba\/wp-json\/wp\/v2\/comments?post=18934"}],"wp:featuredmedia":[{"embeddable":true,"href":"https:\/\/linoexpress.com\/ba\/wp-json\/wp\/v2\/media\/12556"}],"wp:attachment":[{"href":"https:\/\/linoexpress.com\/ba\/wp-json\/wp\/v2\/media?parent=18934"}],"wp:term":[{"taxonomy":"product_brand","embeddable":true,"href":"https:\/\/linoexpress.com\/ba\/wp-json\/wp\/v2\/product_brand?post=18934"},{"taxonomy":"product_cat","embeddable":true,"href":"https:\/\/linoexpress.com\/ba\/wp-json\/wp\/v2\/product_cat?post=18934"},{"taxonomy":"product_tag","embeddable":true,"href":"https:\/\/linoexpress.com\/ba\/wp-json\/wp\/v2\/product_tag?post=18934"}],"curies":[{"name":"wp","href":"https:\/\/api.w.org\/{rel}","templated":true}]}}