{"id":18937,"date":"2026-03-25T10:13:45","date_gmt":"2026-03-25T09:13:45","guid":{"rendered":"https:\/\/linoexpress.com\/ba\/?post_type=product&#038;p=18937"},"modified":"2026-03-25T11:03:33","modified_gmt":"2026-03-25T10:03:33","slug":"11-gratis-holografski-projektor","status":"publish","type":"product","link":"https:\/\/linoexpress.com\/ba\/proizvod\/11-gratis-holografski-projektor\/","title":{"rendered":"1+1 GRATIS &#8211; Holografski projektor"},"content":{"rendered":"","protected":false},"excerpt":{"rendered":"<p>Podignite ukra\u0161avanje ku\u0107e za praznike na vi\u0161i nivo. 12 razli\u010ditih projekcija u\u010dini\u0107e ove praznike nezaboravnim. Neka va\u0161a ku\u0107a bude najstra\u0161nija za No\u0107 vje\u0161tica i najveselija za Bo\u017ei\u0107ne praznike.<\/p>\n","protected":false},"featured_media":14572,"comment_status":"closed","ping_status":"closed","template":"","meta":{"inline_featured_image":false},"product_brand":[],"product_cat":[15,35],"product_tag":[],"class_list":{"0":"post-18937","1":"product","2":"type-product","3":"status-publish","4":"has-post-thumbnail","6":"product_cat-uncategorized","7":"product_cat-fun","9":"first","10":"instock","11":"sale","12":"shipping-taxable","13":"purchasable","14":"product-type-simple"},"acf":[],"_links":{"self":[{"href":"https:\/\/linoexpress.com\/ba\/wp-json\/wp\/v2\/product\/18937","targetHints":{"allow":["GET"]}}],"collection":[{"href":"https:\/\/linoexpress.com\/ba\/wp-json\/wp\/v2\/product"}],"about":[{"href":"https:\/\/linoexpress.com\/ba\/wp-json\/wp\/v2\/types\/product"}],"replies":[{"embeddable":true,"href":"https:\/\/linoexpress.com\/ba\/wp-json\/wp\/v2\/comments?post=18937"}],"wp:featuredmedia":[{"embeddable":true,"href":"https:\/\/linoexpress.com\/ba\/wp-json\/wp\/v2\/media\/14572"}],"wp:attachment":[{"href":"https:\/\/linoexpress.com\/ba\/wp-json\/wp\/v2\/media?parent=18937"}],"wp:term":[{"taxonomy":"product_brand","embeddable":true,"href":"https:\/\/linoexpress.com\/ba\/wp-json\/wp\/v2\/product_brand?post=18937"},{"taxonomy":"product_cat","embeddable":true,"href":"https:\/\/linoexpress.com\/ba\/wp-json\/wp\/v2\/product_cat?post=18937"},{"taxonomy":"product_tag","embeddable":true,"href":"https:\/\/linoexpress.com\/ba\/wp-json\/wp\/v2\/product_tag?post=18937"}],"curies":[{"name":"wp","href":"https:\/\/api.w.org\/{rel}","templated":true}]}}