{"id":18940,"date":"2026-03-25T10:20:50","date_gmt":"2026-03-25T09:20:50","guid":{"rendered":"https:\/\/linoexpress.com\/ba\/?post_type=product&#038;p=18940"},"modified":"2026-03-25T11:04:06","modified_gmt":"2026-03-25T10:04:06","slug":"11-gratis-zanimljivi-rekvizit-za-dvoriste","status":"publish","type":"product","link":"https:\/\/linoexpress.com\/ba\/proizvod\/11-gratis-zanimljivi-rekvizit-za-dvoriste\/","title":{"rendered":"1+1 GRATIS &#8211; Zanimljivi rekvizit za dvori\u0161te"},"content":{"rendered":"","protected":false},"excerpt":{"rendered":"<p>Neka va\u0161e dvori\u0161te ili dom ima najstra\u0161niju dekoraciju za No\u0107 vje\u0161tica. Unikatan na\u010din ukra\u0161avanja dvori\u0161ta!<\/p>\n","protected":false},"featured_media":14627,"comment_status":"closed","ping_status":"closed","template":"","meta":{"inline_featured_image":false},"product_brand":[],"product_cat":[15,35],"product_tag":[],"class_list":{"0":"post-18940","1":"product","2":"type-product","3":"status-publish","4":"has-post-thumbnail","6":"product_cat-uncategorized","7":"product_cat-fun","9":"first","10":"instock","11":"sale","12":"shipping-taxable","13":"purchasable","14":"product-type-simple"},"acf":[],"_links":{"self":[{"href":"https:\/\/linoexpress.com\/ba\/wp-json\/wp\/v2\/product\/18940","targetHints":{"allow":["GET"]}}],"collection":[{"href":"https:\/\/linoexpress.com\/ba\/wp-json\/wp\/v2\/product"}],"about":[{"href":"https:\/\/linoexpress.com\/ba\/wp-json\/wp\/v2\/types\/product"}],"replies":[{"embeddable":true,"href":"https:\/\/linoexpress.com\/ba\/wp-json\/wp\/v2\/comments?post=18940"}],"wp:featuredmedia":[{"embeddable":true,"href":"https:\/\/linoexpress.com\/ba\/wp-json\/wp\/v2\/media\/14627"}],"wp:attachment":[{"href":"https:\/\/linoexpress.com\/ba\/wp-json\/wp\/v2\/media?parent=18940"}],"wp:term":[{"taxonomy":"product_brand","embeddable":true,"href":"https:\/\/linoexpress.com\/ba\/wp-json\/wp\/v2\/product_brand?post=18940"},{"taxonomy":"product_cat","embeddable":true,"href":"https:\/\/linoexpress.com\/ba\/wp-json\/wp\/v2\/product_cat?post=18940"},{"taxonomy":"product_tag","embeddable":true,"href":"https:\/\/linoexpress.com\/ba\/wp-json\/wp\/v2\/product_tag?post=18940"}],"curies":[{"name":"wp","href":"https:\/\/api.w.org\/{rel}","templated":true}]}}