{"id":18941,"date":"2026-03-25T10:22:46","date_gmt":"2026-03-25T09:22:46","guid":{"rendered":"https:\/\/linoexpress.com\/ba\/?post_type=product&#038;p=18941"},"modified":"2026-03-25T11:04:12","modified_gmt":"2026-03-25T10:04:12","slug":"11-gratis-tiha-lopta-za-beskrajnu-igru-silent-basketball","status":"publish","type":"product","link":"https:\/\/linoexpress.com\/ba\/proizvod\/11-gratis-tiha-lopta-za-beskrajnu-igru-silent-basketball\/","title":{"rendered":"1+1 GRATIS &#8211; Tiha lopta za beskrajnu igru &#8211; Silent Basketball"},"content":{"rendered":"","protected":false},"excerpt":{"rendered":"<p data-pm-slice=\"1 1 []\">Zamislite ko\u0161arka\u0161ku loptu koja ne pravi buku, ne o\u0161te\u0107uje namje\u0161taj i sigurna je za igru u stanu. Upravo to donosi Silent Basketball \u2013 lagana i elasti\u010dna lopta koja je stvorena za sate zabave.<\/p>\n<p data-pm-slice=\"1 1 []\">Bez pumpanja, bez ograni\u010denja, samo \u010dista igra!<\/p>\n","protected":false},"featured_media":18507,"comment_status":"closed","ping_status":"closed","template":"","meta":{"inline_featured_image":false},"product_brand":[],"product_cat":[15,35],"product_tag":[],"class_list":{"0":"post-18941","1":"product","2":"type-product","3":"status-publish","4":"has-post-thumbnail","6":"product_cat-uncategorized","7":"product_cat-fun","9":"first","10":"instock","11":"sale","12":"shipping-taxable","13":"purchasable","14":"product-type-simple"},"acf":[],"_links":{"self":[{"href":"https:\/\/linoexpress.com\/ba\/wp-json\/wp\/v2\/product\/18941","targetHints":{"allow":["GET"]}}],"collection":[{"href":"https:\/\/linoexpress.com\/ba\/wp-json\/wp\/v2\/product"}],"about":[{"href":"https:\/\/linoexpress.com\/ba\/wp-json\/wp\/v2\/types\/product"}],"replies":[{"embeddable":true,"href":"https:\/\/linoexpress.com\/ba\/wp-json\/wp\/v2\/comments?post=18941"}],"wp:featuredmedia":[{"embeddable":true,"href":"https:\/\/linoexpress.com\/ba\/wp-json\/wp\/v2\/media\/18507"}],"wp:attachment":[{"href":"https:\/\/linoexpress.com\/ba\/wp-json\/wp\/v2\/media?parent=18941"}],"wp:term":[{"taxonomy":"product_brand","embeddable":true,"href":"https:\/\/linoexpress.com\/ba\/wp-json\/wp\/v2\/product_brand?post=18941"},{"taxonomy":"product_cat","embeddable":true,"href":"https:\/\/linoexpress.com\/ba\/wp-json\/wp\/v2\/product_cat?post=18941"},{"taxonomy":"product_tag","embeddable":true,"href":"https:\/\/linoexpress.com\/ba\/wp-json\/wp\/v2\/product_tag?post=18941"}],"curies":[{"name":"wp","href":"https:\/\/api.w.org\/{rel}","templated":true}]}}