{"id":18946,"date":"2026-03-25T10:45:50","date_gmt":"2026-03-25T09:45:50","guid":{"rendered":"https:\/\/linoexpress.com\/ba\/?post_type=product&#038;p=18946"},"modified":"2026-03-25T11:05:04","modified_gmt":"2026-03-25T10:05:04","slug":"11-gratis-dvostruki-kontrolni-ventil","status":"publish","type":"product","link":"https:\/\/linoexpress.com\/ba\/proizvod\/11-gratis-dvostruki-kontrolni-ventil\/","title":{"rendered":"1+1 GRATIS &#8211; Dvostruki kontrolni ventil"},"content":{"rendered":"","protected":false},"excerpt":{"rendered":"<p>Fenomenalan dvostruki kontrolni ventil za vi\u0161e opcija i mogu\u0107nosti u va\u0161em domu. Odli\u010dne karakteristike garantuju zadovoljstvo!<\/p>\n","protected":false},"featured_media":17094,"comment_status":"closed","ping_status":"closed","template":"","meta":{"inline_featured_image":false},"product_brand":[],"product_cat":[27,15],"product_tag":[],"class_list":{"0":"post-18946","1":"product","2":"type-product","3":"status-publish","4":"has-post-thumbnail","6":"product_cat-home","7":"product_cat-uncategorized","9":"first","10":"instock","11":"sale","12":"shipping-taxable","13":"purchasable","14":"product-type-simple"},"acf":[],"_links":{"self":[{"href":"https:\/\/linoexpress.com\/ba\/wp-json\/wp\/v2\/product\/18946","targetHints":{"allow":["GET"]}}],"collection":[{"href":"https:\/\/linoexpress.com\/ba\/wp-json\/wp\/v2\/product"}],"about":[{"href":"https:\/\/linoexpress.com\/ba\/wp-json\/wp\/v2\/types\/product"}],"replies":[{"embeddable":true,"href":"https:\/\/linoexpress.com\/ba\/wp-json\/wp\/v2\/comments?post=18946"}],"wp:featuredmedia":[{"embeddable":true,"href":"https:\/\/linoexpress.com\/ba\/wp-json\/wp\/v2\/media\/17094"}],"wp:attachment":[{"href":"https:\/\/linoexpress.com\/ba\/wp-json\/wp\/v2\/media?parent=18946"}],"wp:term":[{"taxonomy":"product_brand","embeddable":true,"href":"https:\/\/linoexpress.com\/ba\/wp-json\/wp\/v2\/product_brand?post=18946"},{"taxonomy":"product_cat","embeddable":true,"href":"https:\/\/linoexpress.com\/ba\/wp-json\/wp\/v2\/product_cat?post=18946"},{"taxonomy":"product_tag","embeddable":true,"href":"https:\/\/linoexpress.com\/ba\/wp-json\/wp\/v2\/product_tag?post=18946"}],"curies":[{"name":"wp","href":"https:\/\/api.w.org\/{rel}","templated":true}]}}