{"id":18950,"date":"2026-03-25T10:56:24","date_gmt":"2026-03-25T09:56:24","guid":{"rendered":"https:\/\/linoexpress.com\/ba\/?post_type=product&#038;p=18950"},"modified":"2026-03-25T11:05:20","modified_gmt":"2026-03-25T10:05:20","slug":"11-gratis-2-u-1-mop-za-ciscenje","status":"publish","type":"product","link":"https:\/\/linoexpress.com\/ba\/proizvod\/11-gratis-2-u-1-mop-za-ciscenje\/","title":{"rendered":"1+1 GRATIS &#8211; 2 u 1 Mop za \u010di\u0161\u0107enje"},"content":{"rendered":"","protected":false},"excerpt":{"rendered":"<p>Pobolj\u0161ajte va\u0161e treninge i dignite motivaciju na vi\u0161i nivo. Najbolja lopta za pobolj\u0161avanje refleksa!<\/p>\n","protected":false},"featured_media":18148,"comment_status":"open","ping_status":"closed","template":"","meta":{"inline_featured_image":false},"product_brand":[],"product_cat":[15],"product_tag":[],"class_list":{"0":"post-18950","1":"product","2":"type-product","3":"status-publish","4":"has-post-thumbnail","6":"product_cat-uncategorized","8":"first","9":"instock","10":"sale","11":"shipping-taxable","12":"purchasable","13":"product-type-simple"},"acf":[],"_links":{"self":[{"href":"https:\/\/linoexpress.com\/ba\/wp-json\/wp\/v2\/product\/18950","targetHints":{"allow":["GET"]}}],"collection":[{"href":"https:\/\/linoexpress.com\/ba\/wp-json\/wp\/v2\/product"}],"about":[{"href":"https:\/\/linoexpress.com\/ba\/wp-json\/wp\/v2\/types\/product"}],"replies":[{"embeddable":true,"href":"https:\/\/linoexpress.com\/ba\/wp-json\/wp\/v2\/comments?post=18950"}],"wp:featuredmedia":[{"embeddable":true,"href":"https:\/\/linoexpress.com\/ba\/wp-json\/wp\/v2\/media\/18148"}],"wp:attachment":[{"href":"https:\/\/linoexpress.com\/ba\/wp-json\/wp\/v2\/media?parent=18950"}],"wp:term":[{"taxonomy":"product_brand","embeddable":true,"href":"https:\/\/linoexpress.com\/ba\/wp-json\/wp\/v2\/product_brand?post=18950"},{"taxonomy":"product_cat","embeddable":true,"href":"https:\/\/linoexpress.com\/ba\/wp-json\/wp\/v2\/product_cat?post=18950"},{"taxonomy":"product_tag","embeddable":true,"href":"https:\/\/linoexpress.com\/ba\/wp-json\/wp\/v2\/product_tag?post=18950"}],"curies":[{"name":"wp","href":"https:\/\/api.w.org\/{rel}","templated":true}]}}