{"id":18954,"date":"2026-03-25T11:07:08","date_gmt":"2026-03-25T10:07:08","guid":{"rendered":"https:\/\/linoexpress.com\/ba\/?post_type=product&#038;p=18954"},"modified":"2026-03-26T15:10:24","modified_gmt":"2026-03-26T14:10:24","slug":"11-gratis-diy-set-za-pletenje-narukvica-od-uzeta","status":"publish","type":"product","link":"https:\/\/linoexpress.com\/ba\/proizvod\/11-gratis-diy-set-za-pletenje-narukvica-od-uzeta\/","title":{"rendered":"1+1 GRATIS &#8211; DIY set za pletenje narukvica od u\u017eeta"},"content":{"rendered":"","protected":false},"excerpt":{"rendered":"<p>Ovaj ru\u010dni set za pletenje je kreativna igra za djecu koja omogu\u0107ava da njeguje njihove ru\u010dne vje\u0161tine i podsti\u010de njihovu kreativnost.<\/p>\n","protected":false},"featured_media":18203,"comment_status":"open","ping_status":"closed","template":"","meta":{"inline_featured_image":false},"product_brand":[],"product_cat":[15],"product_tag":[],"class_list":{"0":"post-18954","1":"product","2":"type-product","3":"status-publish","4":"has-post-thumbnail","6":"product_cat-uncategorized","8":"first","9":"instock","10":"sale","11":"shipping-taxable","12":"purchasable","13":"product-type-simple"},"acf":[],"_links":{"self":[{"href":"https:\/\/linoexpress.com\/ba\/wp-json\/wp\/v2\/product\/18954","targetHints":{"allow":["GET"]}}],"collection":[{"href":"https:\/\/linoexpress.com\/ba\/wp-json\/wp\/v2\/product"}],"about":[{"href":"https:\/\/linoexpress.com\/ba\/wp-json\/wp\/v2\/types\/product"}],"replies":[{"embeddable":true,"href":"https:\/\/linoexpress.com\/ba\/wp-json\/wp\/v2\/comments?post=18954"}],"wp:featuredmedia":[{"embeddable":true,"href":"https:\/\/linoexpress.com\/ba\/wp-json\/wp\/v2\/media\/18203"}],"wp:attachment":[{"href":"https:\/\/linoexpress.com\/ba\/wp-json\/wp\/v2\/media?parent=18954"}],"wp:term":[{"taxonomy":"product_brand","embeddable":true,"href":"https:\/\/linoexpress.com\/ba\/wp-json\/wp\/v2\/product_brand?post=18954"},{"taxonomy":"product_cat","embeddable":true,"href":"https:\/\/linoexpress.com\/ba\/wp-json\/wp\/v2\/product_cat?post=18954"},{"taxonomy":"product_tag","embeddable":true,"href":"https:\/\/linoexpress.com\/ba\/wp-json\/wp\/v2\/product_tag?post=18954"}],"curies":[{"name":"wp","href":"https:\/\/api.w.org\/{rel}","templated":true}]}}