{"id":18955,"date":"2026-03-25T11:11:40","date_gmt":"2026-03-25T10:11:40","guid":{"rendered":"https:\/\/linoexpress.com\/ba\/?post_type=product&#038;p=18955"},"modified":"2026-03-26T15:10:16","modified_gmt":"2026-03-26T14:10:16","slug":"11-gratis-prenosna-spa-kada","status":"publish","type":"product","link":"https:\/\/linoexpress.com\/ba\/proizvod\/11-gratis-prenosna-spa-kada\/","title":{"rendered":"1+1 GRATIS &#8211; Prenosna spa kada"},"content":{"rendered":"","protected":false},"excerpt":{"rendered":"<p>Prijenosna mini kada je idealno rje\u0161enje za relaksaciju u svakom prostoru \u2013 kod ku\u0107e, na putovanju ili \u010dak na otvorenom. Zahvaljuju\u0107i sklopivom dizajnu, zauzima minimalan prostor i lako se prenosi. Izra\u0111ena od sigurnih, udobnih i termoizolacionih materijala, pru\u017ea potpuno spa iskustvo.<\/p>\n","protected":false},"featured_media":18419,"comment_status":"closed","ping_status":"closed","template":"","meta":{"inline_featured_image":false},"product_brand":[],"product_cat":[15,35],"product_tag":[],"class_list":{"0":"post-18955","1":"product","2":"type-product","3":"status-publish","4":"has-post-thumbnail","6":"product_cat-uncategorized","7":"product_cat-fun","9":"first","10":"instock","11":"sale","12":"shipping-taxable","13":"purchasable","14":"product-type-simple"},"acf":[],"_links":{"self":[{"href":"https:\/\/linoexpress.com\/ba\/wp-json\/wp\/v2\/product\/18955","targetHints":{"allow":["GET"]}}],"collection":[{"href":"https:\/\/linoexpress.com\/ba\/wp-json\/wp\/v2\/product"}],"about":[{"href":"https:\/\/linoexpress.com\/ba\/wp-json\/wp\/v2\/types\/product"}],"replies":[{"embeddable":true,"href":"https:\/\/linoexpress.com\/ba\/wp-json\/wp\/v2\/comments?post=18955"}],"wp:featuredmedia":[{"embeddable":true,"href":"https:\/\/linoexpress.com\/ba\/wp-json\/wp\/v2\/media\/18419"}],"wp:attachment":[{"href":"https:\/\/linoexpress.com\/ba\/wp-json\/wp\/v2\/media?parent=18955"}],"wp:term":[{"taxonomy":"product_brand","embeddable":true,"href":"https:\/\/linoexpress.com\/ba\/wp-json\/wp\/v2\/product_brand?post=18955"},{"taxonomy":"product_cat","embeddable":true,"href":"https:\/\/linoexpress.com\/ba\/wp-json\/wp\/v2\/product_cat?post=18955"},{"taxonomy":"product_tag","embeddable":true,"href":"https:\/\/linoexpress.com\/ba\/wp-json\/wp\/v2\/product_tag?post=18955"}],"curies":[{"name":"wp","href":"https:\/\/api.w.org\/{rel}","templated":true}]}}