{"id":18957,"date":"2026-03-25T11:16:57","date_gmt":"2026-03-25T10:16:57","guid":{"rendered":"https:\/\/linoexpress.com\/ba\/?post_type=product&#038;p=18957"},"modified":"2026-03-26T15:09:58","modified_gmt":"2026-03-26T14:09:58","slug":"11-gratis-slatka-plisana-igracka-kuschelkoala","status":"publish","type":"product","link":"https:\/\/linoexpress.com\/ba\/proizvod\/11-gratis-slatka-plisana-igracka-kuschelkoala\/","title":{"rendered":"1+1 GRATIS &#8211; Slatka pli\u0161ana igra\u010dka &#8211; KuschelKoala"},"content":{"rendered":"","protected":false},"excerpt":{"rendered":"<p><span dir=\"auto\">Slatka pli\u0161ana igra\u010dka je mekana i ugodna igra\u010dka, pogodna za ma\u017eenje, igru \u200b\u200bi svakodnevnu upotrebu. Napravljena je od ugodnog pli\u0161a i ima uredan i ugodan izgled koji se svi\u0111a djeci i odraslima. Dobro se uklapa u dom, dje\u010dju sobu ili kao poklon u posebnim prilikama.<\/span><\/p>\n","protected":false},"featured_media":18750,"comment_status":"closed","ping_status":"closed","template":"","meta":{"inline_featured_image":false},"product_brand":[],"product_cat":[27,15,35],"product_tag":[],"class_list":{"0":"post-18957","1":"product","2":"type-product","3":"status-publish","4":"has-post-thumbnail","6":"product_cat-home","7":"product_cat-uncategorized","8":"product_cat-fun","10":"first","11":"instock","12":"sale","13":"shipping-taxable","14":"purchasable","15":"product-type-simple"},"acf":[],"_links":{"self":[{"href":"https:\/\/linoexpress.com\/ba\/wp-json\/wp\/v2\/product\/18957","targetHints":{"allow":["GET"]}}],"collection":[{"href":"https:\/\/linoexpress.com\/ba\/wp-json\/wp\/v2\/product"}],"about":[{"href":"https:\/\/linoexpress.com\/ba\/wp-json\/wp\/v2\/types\/product"}],"replies":[{"embeddable":true,"href":"https:\/\/linoexpress.com\/ba\/wp-json\/wp\/v2\/comments?post=18957"}],"wp:featuredmedia":[{"embeddable":true,"href":"https:\/\/linoexpress.com\/ba\/wp-json\/wp\/v2\/media\/18750"}],"wp:attachment":[{"href":"https:\/\/linoexpress.com\/ba\/wp-json\/wp\/v2\/media?parent=18957"}],"wp:term":[{"taxonomy":"product_brand","embeddable":true,"href":"https:\/\/linoexpress.com\/ba\/wp-json\/wp\/v2\/product_brand?post=18957"},{"taxonomy":"product_cat","embeddable":true,"href":"https:\/\/linoexpress.com\/ba\/wp-json\/wp\/v2\/product_cat?post=18957"},{"taxonomy":"product_tag","embeddable":true,"href":"https:\/\/linoexpress.com\/ba\/wp-json\/wp\/v2\/product_tag?post=18957"}],"curies":[{"name":"wp","href":"https:\/\/api.w.org\/{rel}","templated":true}]}}