{"id":18958,"date":"2026-03-25T11:18:34","date_gmt":"2026-03-25T10:18:34","guid":{"rendered":"https:\/\/linoexpress.com\/ba\/?post_type=product&#038;p=18958"},"modified":"2026-03-26T15:09:49","modified_gmt":"2026-03-26T14:09:49","slug":"11-gratis-plisani-pas-jazavcar","status":"publish","type":"product","link":"https:\/\/linoexpress.com\/ba\/proizvod\/11-gratis-plisani-pas-jazavcar\/","title":{"rendered":"1+1 GRATIS &#8211; Pli\u0161ani pas &#8211; Jazav\u010dar"},"content":{"rendered":"","protected":false},"excerpt":{"rendered":"<p data-start=\"305\" data-end=\"499\">Ovaj pli\u0161ani jazav\u010dar je mekan i ugodan za dr\u017eanje i igru. Dizajniran je kao pli\u0161ana igra\u010dka za djecu i odrasle. Idealna je kao poklon ili dodatak dje\u010djoj sobi.<\/p>\n<p data-start=\"501\" data-end=\"550\">\n","protected":false},"featured_media":18737,"comment_status":"closed","ping_status":"closed","template":"","meta":{"inline_featured_image":false},"product_brand":[],"product_cat":[27,15,35],"product_tag":[],"class_list":{"0":"post-18958","1":"product","2":"type-product","3":"status-publish","4":"has-post-thumbnail","6":"product_cat-home","7":"product_cat-uncategorized","8":"product_cat-fun","10":"first","11":"instock","12":"sale","13":"shipping-taxable","14":"purchasable","15":"product-type-simple"},"acf":[],"_links":{"self":[{"href":"https:\/\/linoexpress.com\/ba\/wp-json\/wp\/v2\/product\/18958","targetHints":{"allow":["GET"]}}],"collection":[{"href":"https:\/\/linoexpress.com\/ba\/wp-json\/wp\/v2\/product"}],"about":[{"href":"https:\/\/linoexpress.com\/ba\/wp-json\/wp\/v2\/types\/product"}],"replies":[{"embeddable":true,"href":"https:\/\/linoexpress.com\/ba\/wp-json\/wp\/v2\/comments?post=18958"}],"wp:featuredmedia":[{"embeddable":true,"href":"https:\/\/linoexpress.com\/ba\/wp-json\/wp\/v2\/media\/18737"}],"wp:attachment":[{"href":"https:\/\/linoexpress.com\/ba\/wp-json\/wp\/v2\/media?parent=18958"}],"wp:term":[{"taxonomy":"product_brand","embeddable":true,"href":"https:\/\/linoexpress.com\/ba\/wp-json\/wp\/v2\/product_brand?post=18958"},{"taxonomy":"product_cat","embeddable":true,"href":"https:\/\/linoexpress.com\/ba\/wp-json\/wp\/v2\/product_cat?post=18958"},{"taxonomy":"product_tag","embeddable":true,"href":"https:\/\/linoexpress.com\/ba\/wp-json\/wp\/v2\/product_tag?post=18958"}],"curies":[{"name":"wp","href":"https:\/\/api.w.org\/{rel}","templated":true}]}}