{"id":2722,"date":"2021-03-03T09:12:20","date_gmt":"2021-03-03T08:12:20","guid":{"rendered":"https:\/\/shopium.eu\/ba\/?post_type=product&#038;p=2722"},"modified":"2023-01-04T14:39:59","modified_gmt":"2023-01-04T13:39:59","slug":"medicinske-makazice-za-urasle-nokte-nailproset","status":"publish","type":"product","link":"https:\/\/linoexpress.com\/ba\/proizvod\/medicinske-makazice-za-urasle-nokte-nailproset\/","title":{"rendered":"Medicinske makazice za urasle nokte &#8211; NailProSet"},"content":{"rendered":"","protected":false},"excerpt":{"rendered":"<p>Efektivan medicinski set za urasle nokte sa kojim \u0107ete potpuno lako da se rije\u0161ite problema sa noktima iz udobnosti va\u0161eg doma! Set za kompeletnu pedikuru!<\/p>\n","protected":false},"featured_media":2727,"comment_status":"closed","ping_status":"closed","template":"","meta":{"inline_featured_image":false},"product_brand":[],"product_cat":[28,15,26],"product_tag":[],"class_list":{"0":"post-2722","1":"product","2":"type-product","3":"status-publish","4":"has-post-thumbnail","6":"product_cat-beauty","7":"product_cat-uncategorized","8":"product_cat-health","10":"first","11":"instock","12":"sale","13":"shipping-taxable","14":"purchasable","15":"product-type-simple"},"acf":[],"_links":{"self":[{"href":"https:\/\/linoexpress.com\/ba\/wp-json\/wp\/v2\/product\/2722","targetHints":{"allow":["GET"]}}],"collection":[{"href":"https:\/\/linoexpress.com\/ba\/wp-json\/wp\/v2\/product"}],"about":[{"href":"https:\/\/linoexpress.com\/ba\/wp-json\/wp\/v2\/types\/product"}],"replies":[{"embeddable":true,"href":"https:\/\/linoexpress.com\/ba\/wp-json\/wp\/v2\/comments?post=2722"}],"wp:featuredmedia":[{"embeddable":true,"href":"https:\/\/linoexpress.com\/ba\/wp-json\/wp\/v2\/media\/2727"}],"wp:attachment":[{"href":"https:\/\/linoexpress.com\/ba\/wp-json\/wp\/v2\/media?parent=2722"}],"wp:term":[{"taxonomy":"product_brand","embeddable":true,"href":"https:\/\/linoexpress.com\/ba\/wp-json\/wp\/v2\/product_brand?post=2722"},{"taxonomy":"product_cat","embeddable":true,"href":"https:\/\/linoexpress.com\/ba\/wp-json\/wp\/v2\/product_cat?post=2722"},{"taxonomy":"product_tag","embeddable":true,"href":"https:\/\/linoexpress.com\/ba\/wp-json\/wp\/v2\/product_tag?post=2722"}],"curies":[{"name":"wp","href":"https:\/\/api.w.org\/{rel}","templated":true}]}}